{"id":2130,"date":"2026-04-02T14:35:25","date_gmt":"2026-04-02T11:35:25","guid":{"rendered":"https:\/\/dryunusoc.com\/faq\/"},"modified":"2026-04-23T22:19:07","modified_gmt":"2026-04-23T19:19:07","slug":"sik-sorulan-sorular","status":"publish","type":"page","link":"https:\/\/dryunusoc.com\/tr\/sik-sorulan-sorular\/","title":{"rendered":"SSS"},"content":{"rendered":"\n<details class=\"wp-block-details is-layout-flow wp-block-details-is-layout-flow\"><summary>Boy nas\u0131l uzat\u0131l\u0131r \/ Boy nas\u0131l uzar?<\/summary>\n\n<p>Bir\u00e7ok insan boyundan memnun olmad\u0131\u011f\u0131 ve bunu bir engel olarak g\u00f6rd\u00fc\u011f\u00fc i\u00e7in, k\u0131sa boy \u00e7o\u011funlukla genetik fakt\u00f6rlerin bir sonucudur. Bununla birlikte, bu durumda ba\u015fka fakt\u00f6rler de rol oynar. Baz\u0131 ki\u015filer hormonal tedaviler gibi cerrahi olmayan y\u00f6ntemleri tercih edebilir, ancak bilimsel olarak kan\u0131tlanm\u0131\u015f en etkili ve kal\u0131c\u0131 y\u00f6ntem boy uzatma ameliyat\u0131d\u0131r. Bu i\u015flemde, hastan\u0131n alt ekstremitelerindeki uzun kemikler bir uzatma cihaz\u0131 ile uzat\u0131l\u0131r ve ayr\u0131\u015ft\u0131r\u0131l\u0131r. B\u00f6ylece kal\u0131c\u0131 bir \u00e7\u00f6z\u00fcm sunulur ve hastan\u0131n ki\u015fisel, sosyal veya profesyonel t\u00fcm engelleri a\u015fmas\u0131na yard\u0131mc\u0131 olunur.<\/p>\n\n<\/details>\n\n\n\n<details class=\"wp-block-details is-layout-flow wp-block-details-is-layout-flow\"><summary>Ka\u00e7 tane boy uzatma y\u00f6ntemi vard\u0131r?<\/summary>\n\n<p>\u00dcst ve alt ekstremiteleri uzatmak i\u00e7in kullan\u0131lan \u00e7e\u015fitli y\u00f6ntemler vard\u0131r, ancak estetik ama\u00e7l\u0131 boy uzatma i\u00e7in en \u00e7ok tercih edilen ve en uygun teknikler LON, Precice 2.2 ve Fitbone&#8217;dur. LON y\u00f6ntemi, i\u00e7 \u00e7ivi ile d\u0131\u015f fiksat\u00f6r\u00fcn birle\u015fiminden olu\u015fur ve kontroll\u00fc, g\u00fcvenilir bir uzatma s\u00fcreci sa\u011flar. Buna kar\u015f\u0131l\u0131k, Precice 2.2 ve Fitbone tamamen i\u00e7 sistemlerdir ve geli\u015fmi\u015f intramed\u00fcller \u00e7iviler kullanarak d\u0131\u015f cihaz ihtiyac\u0131n\u0131 ortadan kald\u0131r\u0131r.<\/p>\n\n\n\n<p>Tamamen i\u00e7 yap\u0131lar\u0131 sayesinde Precice 2.2 ve Fitbone daha fazla konfor, daha d\u00fc\u015f\u00fck enfeksiyon riski ve daha iyi estetik sonu\u00e7lar sunar, bu da onlar\u0131 estetik uzatma i\u00e7in olduk\u00e7a tercih edilir hale getirir. Bu y\u00f6ntemler aras\u0131nda Precice 2.2 genellikle en \u00e7ok tercih edilen y\u00f6ntemdir, onu daha ekonomik bir alternatif olarak LON takip ederken, Fitbone ise y\u00fcksek hassasiyet ve g\u00fcvenilirlik sunan bir di\u011fer geli\u015fmi\u015f i\u00e7 sistem olarak \u00f6ne \u00e7\u0131kar.<\/p>\n\n<\/details>\n\n\n\n<details class=\"wp-block-details is-layout-flow wp-block-details-is-layout-flow\"><summary>Boy uzatma ameliyat\u0131 ne kadar maliyetlidir?<\/summary>\n\n<p>Boy uzatma ameliyatlar\u0131n\u0131n maliyetinde en belirleyici fakt\u00f6r se\u00e7ilen y\u00f6ntemdir. LON y\u00f6nteminin tahmini maliyeti yakla\u015f\u0131k 26.400 USD iken, Precice 2.2 y\u00f6ntemi yakla\u015f\u0131k 58.000 USD&#8217;dir. Tamamen i\u00e7 ve motorlu bir sistem tercih eden hastalar i\u00e7in Fitbone y\u00f6ntemi yakla\u015f\u0131k 54.000 USD maliyetle sunulmaktad\u0131r.<\/p>\n\n\n\n<p>Bu fiyat farklar\u0131 temel olarak kullan\u0131lan teknolojiye, konfor seviyesine ve her y\u00f6ntemin sundu\u011fu genel tedavi deneyimine ba\u011fl\u0131d\u0131r.<\/p>\n\n<\/details>\n\n\n\n<details class=\"wp-block-details is-layout-flow wp-block-details-is-layout-flow\"><summary>Herkes boy uzatma ameliyat\u0131 olabilir mi? (Ameliyat i\u00e7in uygun muyum?)<\/summary>\n\n<p>Boy uzatma ameliyat\u0131n\u0131n ba\u015far\u0131l\u0131 bir \u015fekilde yap\u0131labilmesi i\u00e7in baz\u0131 temel kriterler vard\u0131r. Bunlar aras\u0131nda hastan\u0131n hem fiziksel hem de psikolojik olarak stabil bir sa\u011fl\u0131k durumuna sahip olmas\u0131, ameliyat\u0131 veya iyile\u015fme s\u00fcrecini riske atabilecek kronik hastal\u0131klar\u0131n\u0131n bulunmamas\u0131 ve b\u00fcy\u00fcme plaklar\u0131n\u0131n tamamen kapanm\u0131\u015f olmas\u0131 yer al\u0131r. Ayr\u0131ca hastan\u0131n ameliyata uygun olup olmad\u0131\u011f\u0131n\u0131 belirleyen ba\u015fka fakt\u00f6rler de de\u011ferlendirilir.<\/p>\n\n<\/details>\n\n\n\n<details class=\"wp-block-details is-layout-flow wp-block-details-is-layout-flow\"><summary>T\u00fcrkiye boy uzatma ameliyat\u0131 i\u00e7in iyi mi?<\/summary>\n\n<p>T\u00fcrkiye, boy uzatma ameliyat\u0131 da dahil olmak \u00fczere estetik cerrahi alan\u0131nda uluslararas\u0131 bir merkez olarak kabul edilmektedir. Y\u00fcksek standartlarda sa\u011fl\u0131k hizmeti, kaliteli ve deneyimli sa\u011fl\u0131k personeli ile birlikte olduk\u00e7a rekabet\u00e7i ve cazip fiyatlar sunarak kalite ve uygun fiyat\u0131 bir araya getirmektedir.<\/p>\n\n<\/details>\n\n\n\n<details class=\"wp-block-details is-layout-flow wp-block-details-is-layout-flow\"><summary>Boy uzatma ameliyat\u0131 buna de\u011fer mi?<\/summary>\n\n<p>Boyunun k\u0131sa olmas\u0131 nedeniyle hayat\u0131n\u0131n profesyonel, ki\u015fisel ve sosyal bir\u00e7ok alan\u0131nda etkilenmi\u015f ki\u015filer i\u00e7in bu ameliyat hayat de\u011fi\u015ftiren ve ya\u015fam kalitesini art\u0131ran bir ad\u0131md\u0131r ve \u015f\u00fcphesiz buna de\u011fer.<\/p>\n\n<\/details>\n\n\n\n<details class=\"wp-block-details is-layout-flow wp-block-details-is-layout-flow\"><summary>Boy uzatma ameliyat\u0131 ne kadar a\u011fr\u0131l\u0131d\u0131r?<\/summary>\n\n<p>A\u011fr\u0131 alg\u0131s\u0131 ki\u015fiden ki\u015fiye de\u011fi\u015fmekle birlikte, genel olarak hastalar ameliyat sonras\u0131 a\u011fr\u0131 hisseder. Bu a\u011fr\u0131, hastan\u0131n hissetti\u011fi seviyeye g\u00f6re a\u011fr\u0131 kesicilerle kontrol alt\u0131na al\u0131n\u0131r. Genellikle a\u011fr\u0131 zamanla azal\u0131r ve b\u00fcy\u00fck k\u0131sm\u0131 ilk birka\u00e7 hafta i\u00e7inde kaybolur.<\/p>\n\n<\/details>\n\n\n\n<details class=\"wp-block-details is-layout-flow wp-block-details-is-layout-flow\"><summary>Ameliyattan sonra ne zaman g\u00fcnl\u00fck hayat\u0131ma d\u00f6nebilirim?<\/summary>\n\n<p>Hastalar genellikle uzatma s\u00fcrecinin bitiminden k\u0131sa bir s\u00fcre sonra, \u00e7o\u011funlukla 1 ila 2,5 ay i\u00e7inde g\u00fcnl\u00fck ya\u015famlar\u0131na ve normal aktivitelerine d\u00f6nmeye ba\u015flarlar. Bununla birlikte hastalar uzatma s\u00fcreci boyunca da aktif kal\u0131r ve temel g\u00fcnl\u00fck aktivitelerini s\u00fcrd\u00fcrebilir.<\/p>\n\n<\/details>\n\n\n\n<details class=\"wp-block-details is-layout-flow wp-block-details-is-layout-flow\"><summary>Boy uzatma ameliyat\u0131 ne kadar uzat\u0131r?<\/summary>\n\n<p>Boy uzatma miktar\u0131 ki\u015fiden ki\u015fiye de\u011fi\u015fir ve kaslar\u0131n, sinirlerin ve tendonlar\u0131n kemik uzamas\u0131na uyum sa\u011flama kapasitesine ba\u011fl\u0131d\u0131r. Ancak bilimsel ve t\u0131bbi olarak g\u00fcvenli kabul edilen uzama miktar\u0131, femur i\u00e7in 6\u20138 cm, tibia ve fibula i\u00e7in ise 5\u20137 cm&#8217;dir.<\/p>\n\n<\/details>\n\n\n\n<details class=\"wp-block-details is-layout-flow wp-block-details-is-layout-flow\"><summary>Boy uzatma ameliyat\u0131 g\u00fcvenli mi?<\/summary>\n\n<p>Her cerrahi i\u015flem, k\u00fc\u00e7\u00fck ya da b\u00fcy\u00fck olsun, do\u011fal olarak baz\u0131 riskler veya yan etkiler ta\u015f\u0131r. Boy uzatma ameliyat\u0131nda baz\u0131 riskler hastan\u0131n v\u00fccut yap\u0131s\u0131yla ilgilidir, \u00f6rne\u011fin arka kaslar\u0131n k\u0131sa olmas\u0131 veya kemik kaynamas\u0131n\u0131n yava\u015f olmas\u0131 gibi durumlar tedavi edilebilir. Ameliyat\u0131n kendisiyle ilgili riskler ise bu alanda yeterli deneyime sahip cerrahlar i\u00e7in yayg\u0131n de\u011fildir.<\/p>\n\n<\/details>\n\n\n\n<details class=\"wp-block-details is-layout-flow wp-block-details-is-layout-flow\"><summary>Ameliyattan sonra y\u00fcr\u00fcyebilir miyim?<\/summary>\n\n<p>Ameliyat\u0131n hemen ard\u0131ndan hareket kabiliyeti s\u0131n\u0131rl\u0131 olabilir, ancak iyi planlanm\u0131\u015f bir fizik tedavi program\u0131 sayesinde hastalar hareket kabiliyetlerini kademeli olarak geri kazan\u0131r ve rehabilitasyon \/ kemik uzatma s\u00fcrecinin ard\u0131ndan k\u0131sa s\u00fcrede normal hareket aral\u0131\u011f\u0131na d\u00f6nerler.<\/p>\n\n<\/details>\n\n\n\n<details class=\"wp-block-details is-layout-flow wp-block-details-is-layout-flow\"><summary>Boy uzatma ameliyat\u0131 i\u00e7in en iyi \u00fclke hangisidir?<\/summary>\n\n<p>Baz\u0131 \u00fclkeler bu ameliyat\u0131 uygun fiyatlarla sunsa da kalite ve deneyim a\u00e7\u0131s\u0131ndan yetersiz kalabilir. Di\u011fer \u00fclkeler ise y\u00fcksek kaliteli sa\u011fl\u0131k hizmeti sunarken olduk\u00e7a pahal\u0131d\u0131r ve bu da sadece az say\u0131da hastan\u0131n eri\u015febilmesine neden olur. Her iki d\u00fcnyan\u0131n avantajlar\u0131n\u0131 bir araya getiren T\u00fcrkiye, deneyimli sa\u011fl\u0131k personeli ve rekabet\u00e7i fiyatlar\u0131 sayesinde bu ameliyat i\u00e7in en iyi se\u00e7enek olarak \u00f6ne \u00e7\u0131kar.<\/p>\n\n<\/details>\n\n\n\n<details class=\"wp-block-details is-layout-flow wp-block-details-is-layout-flow\"><summary>Boy uzatma ameliyat\u0131ndan sonra iyile\u015fme ne kadar s\u00fcrer?<\/summary>\n\n<p>\u0130yile\u015fme s\u00fcreci temel olarak iki ana fakt\u00f6re ba\u011fl\u0131d\u0131r: cerrah\u0131n deneyimi ve ba\u015far\u0131s\u0131 ile hastan\u0131n bireysel iyile\u015fme kapasitesi ve ameliyat sonras\u0131 rehabilitasyona verdi\u011fi yan\u0131t. Bu iki fakt\u00f6r g\u00fcvenli ve ba\u015far\u0131l\u0131 sonu\u00e7lar elde edilmesinde kritik rol oynar.<\/p>\n\n\n\n<p>Hastalar genellikle ameliyattan sonraki ilk hafta i\u00e7inde fizik tedavi s\u0131ras\u0131nda y\u00fcr\u00fcte\u00e7 yard\u0131m\u0131yla y\u00fcr\u00fcmeye ba\u015flar. Zamanla ve d\u00fczenli rehabilitasyon ile hareket kabiliyetleri ve hareket a\u00e7\u0131kl\u0131klar\u0131 kademeli olarak artar.<\/p>\n\n\n\n<p>LON hastalar\u0131nda ba\u011f\u0131ms\u0131z y\u00fcr\u00fcy\u00fc\u015f genellikle d\u0131\u015f cihaz\u0131n \u00e7\u0131kar\u0131lmas\u0131ndan yakla\u015f\u0131k 2,5 ay sonra sa\u011flan\u0131r. Precice hastalar\u0131nda hedef uzamaya ula\u015f\u0131ld\u0131ktan yakla\u015f\u0131k 2 ay sonra desteksiz y\u00fcr\u00fcy\u00fc\u015f m\u00fcmk\u00fcn olur. Fitbone hastalar\u0131nda da benzer bir iyile\u015fme s\u00fcreci g\u00f6r\u00fcl\u00fcr ve kemik kaynamas\u0131na ve t\u0131bbi de\u011ferlendirmeye ba\u011fl\u0131 olarak uzatma tamamland\u0131ktan birka\u00e7 ay sonra ba\u011f\u0131ms\u0131z y\u00fcr\u00fcy\u00fc\u015f beklenir.<\/p>\n\n<\/details>\n\n\n\n<details class=\"wp-block-details is-layout-flow wp-block-details-is-layout-flow\"><summary>Uzatma s\u0131ras\u0131nda y\u00fcr\u00fcyebilir miyim?<\/summary>\n\n<p>Uzatma (distraksiyon) s\u00fcrecinde hastalar\u0131n se\u00e7ilen y\u00f6nteme ba\u011fl\u0131 olarak belirli y\u00fck verme ve hareket kurallar\u0131na uymas\u0131 gerekir. LON hastalar\u0131 k\u0131smi y\u00fck verebilir ve kontroll\u00fc \u015fekilde y\u00fcr\u00fcyebilir. Buna kar\u015f\u0131l\u0131k Precice hastalar\u0131n\u0131n \u00e7ivinin s\u0131n\u0131rl\u0131 y\u00fck ta\u015f\u0131ma kapasitesi nedeniyle ayakta durma ve y\u00fcr\u00fcmeyi k\u0131sa s\u00fcrelerle (genellikle g\u00fcnde 20 dakikadan fazla olmayacak \u015fekilde) s\u0131n\u0131rland\u0131rmalar\u0131 gerekir. Fitbone hastalar\u0131 da benzer \u015fekilde s\u0131n\u0131rl\u0131 y\u00fck protokollerine uyar, ancak duruma ve doktorun y\u00f6nlendirmesine ba\u011fl\u0131 olarak biraz daha y\u00fcksek tolerans m\u00fcmk\u00fcn olabilir.<\/p>\n\n\n\n<p>Hastalar\u0131n ameliyattan k\u0131sa s\u00fcre sonra destekli harekete ba\u015flamas\u0131, bacaklardaki kan dola\u015f\u0131m\u0131n\u0131 desteklemek ve pulmoner emboli gibi komplikasyon riskini azaltmak a\u00e7\u0131s\u0131ndan \u00e7ok \u00f6nemlidir. G\u00f6zetim alt\u0131nda erken mobilizasyon, g\u00fcvenli bir iyile\u015fme s\u00fcrecinde \u00f6nemli bir rol oynar.<\/p>\n\n\n\n<p>Desteksiz y\u00fcr\u00fcy\u00fc\u015f genellikle ilk ameliyattan yakla\u015f\u0131k 4\u20135 ay sonra m\u00fcmk\u00fcn olur. Ancak bu s\u00fcre, elde edilen uzama miktar\u0131na ve hastan\u0131n bireysel iyile\u015fme s\u00fcrecine ba\u011fl\u0131 olarak de\u011fi\u015febilir.<\/p>\n\n<\/details>\n\n\n\n<details class=\"wp-block-details is-layout-flow wp-block-details-is-layout-flow\"><summary>Bizi di\u011ferlerinden ay\u0131ran nedir?<\/summary>\n\n<p>T\u00fcrkiye&#8217;de estetik boy uzatma ameliyatlar\u0131 yapma yetkisi Sa\u011fl\u0131k Bakanl\u0131\u011f\u0131 taraf\u0131ndan onaylanm\u0131\u015f ilk resmi kurumla \u00e7al\u0131\u015fmak, hi\u00e7bir rakibin sahip olmad\u0131\u011f\u0131 bir avantajd\u0131r. \u0130lk olmak bizi do\u011fal olarak bu alanda en deneyimli konuma getirir ve bu sayede hastalar\u0131n t\u00fcm t\u0131bbi ihtiya\u00e7lar\u0131n\u0131 anlaman\u0131n yan\u0131 s\u0131ra bu ihtiya\u00e7lar\u0131 en y\u00fcksek seviyede kar\u015f\u0131layabilmemizi sa\u011flar. Bu ve daha bir\u00e7ok nedenle, hastalar\u0131m\u0131z\u0131n bize duydu\u011fu g\u00fcvene kar\u015f\u0131 b\u00fcy\u00fck bir sorumluluk ta\u015f\u0131yoruz ve bu g\u00fcveni hi\u00e7bir zaman bo\u015fa \u00e7\u0131karmad\u0131k.<\/p>\n\n<\/details>\n\n\n\n<details class=\"wp-block-details is-layout-flow wp-block-details-is-layout-flow\"><summary>Ameliyattan sonra spor yapabilir miyim? \/ Boy uzatma ameliyat\u0131ndan sonra ko\u015fabilir miyim?<\/summary>\n\n<p>Uzatma s\u00fcrecinde hastalar se\u00e7ilen y\u00f6nteme g\u00f6re belirli y\u00fck verme ve hareket kurallar\u0131na uymal\u0131d\u0131r. LON hastalar\u0131 k\u0131smi y\u00fck verebilir ve kontroll\u00fc \u015fekilde y\u00fcr\u00fcyebilir. Precice hastalar\u0131na, \u00e7ivinin s\u0131n\u0131rl\u0131 y\u00fck ta\u015f\u0131ma kapasitesi nedeniyle g\u00fcnde 20 dakikadan fazla ayakta durmamalar\u0131 ve y\u00fcr\u00fcmemeleri \u00f6nerilir. Fitbone hastalar\u0131 da kontroll\u00fc y\u00fck protokollerine uyar ve duruma ile doktorun \u00f6nerisine ba\u011fl\u0131 olarak s\u0131n\u0131rl\u0131 ve kontroll\u00fc y\u00fcr\u00fcy\u00fc\u015fe izin verilebilir.<\/p>\n\n\n\n<p>Ameliyattan k\u0131sa s\u00fcre sonra destekli harekete ba\u015flamak, bacaklardaki kan dola\u015f\u0131m\u0131n\u0131 desteklemek ve pulmoner emboli gibi komplikasyon riskini azaltmak a\u00e7\u0131s\u0131ndan kritik \u00f6neme sahiptir. Erken ve kontroll\u00fc mobilizasyon g\u00fcvenli bir iyile\u015fme s\u00fcrecinde \u00f6nemli bir rol oynar.<\/p>\n\n\n\n<p>Desteksiz y\u00fcr\u00fcy\u00fc\u015f genellikle ilk ameliyattan yakla\u015f\u0131k 4\u20135 ay sonra m\u00fcmk\u00fcn olur. Ancak bu s\u00fcre, elde edilen uzama miktar\u0131na ve bireysel iyile\u015fme s\u00fcrecine ba\u011fl\u0131 olarak de\u011fi\u015febilir.<\/p>\n\n<\/details>\n","protected":false},"excerpt":{"rendered":"","protected":false},"author":1,"featured_media":0,"parent":0,"menu_order":0,"comment_status":"closed","ping_status":"closed","template":"","meta":{"_acf_changed":false,"yasr_overall_rating":0,"yasr_post_is_review":"","yasr_auto_insert_disabled":"","yasr_review_type":"","footnotes":""},"class_list":["post-2130","page","type-page","status-publish","hentry"],"yasr_visitor_votes":{"stars_attributes":{"read_only":false,"span_bottom":false},"number_of_votes":0,"sum_votes":0},"acf":[],"_links":{"self":[{"href":"https:\/\/dryunusoc.com\/tr\/wp-json\/wp\/v2\/pages\/2130","targetHints":{"allow":["GET"]}}],"collection":[{"href":"https:\/\/dryunusoc.com\/tr\/wp-json\/wp\/v2\/pages"}],"about":[{"href":"https:\/\/dryunusoc.com\/tr\/wp-json\/wp\/v2\/types\/page"}],"author":[{"embeddable":true,"href":"https:\/\/dryunusoc.com\/tr\/wp-json\/wp\/v2\/users\/1"}],"replies":[{"embeddable":true,"href":"https:\/\/dryunusoc.com\/tr\/wp-json\/wp\/v2\/comments?post=2130"}],"version-history":[{"count":2,"href":"https:\/\/dryunusoc.com\/tr\/wp-json\/wp\/v2\/pages\/2130\/revisions"}],"predecessor-version":[{"id":3016,"href":"https:\/\/dryunusoc.com\/tr\/wp-json\/wp\/v2\/pages\/2130\/revisions\/3016"}],"wp:attachment":[{"href":"https:\/\/dryunusoc.com\/tr\/wp-json\/wp\/v2\/media?parent=2130"}],"curies":[{"name":"wp","href":"https:\/\/api.w.org\/{rel}","templated":true}]}}