{"id":2123,"date":"2026-04-02T14:35:36","date_gmt":"2026-04-02T11:35:36","guid":{"rendered":"https:\/\/dryunusoc.com\/contact-us\/"},"modified":"2026-04-28T11:16:22","modified_gmt":"2026-04-28T08:16:22","slug":"iletisim","status":"publish","type":"page","link":"https:\/\/dryunusoc.com\/tr\/iletisim\/","title":{"rendered":"\u0130leti\u015fim"},"content":{"rendered":"\n<section class=\"section ct-section section-bg-white\">\n    <div class=\"container\">\n        <div class=\"ct-grid\">\n            <!-- LEFT: Contact Info -->\n            <div class=\"ct-info\">\n                                <div class=\"ct-info-item\">\n                    <div class=\"ct-info-icon\">\n                        <svg xmlns=\"http:\/\/www.w3.org\/2000\/svg\" fill=\"none\" viewBox=\"0 0 24 24\" stroke-width=\"1.5\" stroke=\"currentColor\" width=\"22\" height=\"22\"><path stroke-linecap=\"round\" stroke-linejoin=\"round\" d=\"M15 10.5a3 3 0 1 1-6 0 3 3 0 0 1 6 0Z\"\/><path stroke-linecap=\"round\" stroke-linejoin=\"round\" d=\"M19.5 10.5c0 7.142-7.5 11.25-7.5 11.25S4.5 17.642 4.5 10.5a7.5 7.5 0 1 1 15 0Z\"\/><\/svg>\n                    <\/div>\n                    <div>\n                        <strong>Adres<\/strong>\n                        <p>Cihangir Mah. E5 Karayolu \u00dczeri, Beyaz Center,<br \/>\r\nB Blok, No:51, Avc\u0131lar, \u0130stanbul, T\u00fcrkiye<\/p>\n                    <\/div>\n                <\/div>\n                \n                                <div class=\"ct-info-item\">\n                    <div class=\"ct-info-icon\">\n                        <svg xmlns=\"http:\/\/www.w3.org\/2000\/svg\" fill=\"none\" viewBox=\"0 0 24 24\" stroke-width=\"1.5\" stroke=\"currentColor\" width=\"22\" height=\"22\"><path stroke-linecap=\"round\" stroke-linejoin=\"round\" d=\"M2.25 6.75c0 8.284 6.716 15 15 15h2.25a2.25 2.25 0 0 0 2.25-2.25v-1.372c0-.516-.351-.966-.852-1.091l-4.423-1.106c-.44-.11-.902.055-1.173.417l-.97 1.293c-.282.376-.769.542-1.21.38a12.035 12.035 0 0 1-7.143-7.143c-.162-.441.004-.928.38-1.21l1.293-.97c.363-.271.527-.734.417-1.173L6.963 3.102a1.125 1.125 0 0 0-1.091-.852H4.5A2.25 2.25 0 0 0 2.25 4.5v2.25Z\"\/><\/svg>\n                    <\/div>\n                    <div>\n                        <strong>Telefon<\/strong>\n                        <p><a href=\"tel:+905050916609\">+90 505 091 66 09<\/a><\/p>\n                    <\/div>\n                <\/div>\n                \n                                <div class=\"ct-info-item\">\n                    <div class=\"ct-info-icon\">\n                        <svg xmlns=\"http:\/\/www.w3.org\/2000\/svg\" viewBox=\"0 0 24 24\" fill=\"currentColor\" width=\"22\" height=\"22\"><path d=\"M17.472 14.382c-.297-.149-1.758-.867-2.03-.967-.273-.099-.471-.148-.67.15-.197.297-.767.966-.94 1.164-.173.199-.347.223-.644.075-.297-.15-1.255-.463-2.39-1.475-.883-.788-1.48-1.761-1.653-2.059-.173-.297-.018-.458.13-.606.134-.133.298-.347.446-.52.149-.174.198-.298.298-.497.099-.198.05-.371-.025-.52-.075-.149-.669-1.612-.916-2.207-.242-.579-.487-.5-.669-.51-.173-.008-.371-.01-.57-.01-.198 0-.52.074-.792.372-.272.297-1.04 1.016-1.04 2.479 0 1.462 1.065 2.875 1.213 3.074.149.198 2.096 3.2 5.077 4.487.709.306 1.262.489 1.694.625.712.227 1.36.195 1.871.118.571-.085 1.758-.719 2.006-1.413.248-.694.248-1.289.173-1.413-.074-.124-.272-.198-.57-.347m-5.421 7.403h-.004a9.87 9.87 0 0 1-5.031-1.378l-.361-.214-3.741.982.998-3.648-.235-.374a9.86 9.86 0 0 1-1.51-5.26c.001-5.45 4.436-9.884 9.888-9.884 2.64 0 5.122 1.03 6.988 2.898a9.825 9.825 0 0 1 2.893 6.994c-.003 5.45-4.437 9.884-9.885 9.884m8.413-18.297A11.815 11.815 0 0 0 12.05 0C5.495 0 .16 5.335.157 11.892c0 2.096.547 4.142 1.588 5.945L.057 24l6.305-1.654a11.882 11.882 0 0 0 5.683 1.448h.005c6.554 0 11.89-5.335 11.893-11.893a11.821 11.821 0 0 0-3.48-8.413Z\"\/><\/svg>\n                    <\/div>\n                    <div>\n                        <strong>WhatsApp<\/strong>\n                        <p><a href=\"https:\/\/wa.me\/905050916609\" target=\"_blank\" rel=\"noopener\">+90 505 091 66 09<\/a><\/p>\n                    <\/div>\n                <\/div>\n                \n                                <div class=\"ct-info-item\">\n                    <div class=\"ct-info-icon\">\n                        <svg xmlns=\"http:\/\/www.w3.org\/2000\/svg\" fill=\"none\" viewBox=\"0 0 24 24\" stroke-width=\"1.5\" stroke=\"currentColor\" width=\"22\" height=\"22\"><path stroke-linecap=\"round\" stroke-linejoin=\"round\" d=\"M21.75 6.75v10.5a2.25 2.25 0 0 1-2.25 2.25h-15a2.25 2.25 0 0 1-2.25-2.25V6.75m19.5 0A2.25 2.25 0 0 0 19.5 4.5h-15a2.25 2.25 0 0 0-2.25 2.25m19.5 0v.243a2.25 2.25 0 0 1-1.07 1.916l-7.5 4.615a2.25 2.25 0 0 1-2.36 0L3.32 8.91a2.25 2.25 0 0 1-1.07-1.916V6.75\"\/><\/svg>\n                    <\/div>\n                    <div>\n                        <strong>E-posta<\/strong>\n                        <p><a href=\"mailto:contact@dryunusoc.com\">contact@dryunusoc.com<\/a><\/p>\n                    <\/div>\n                <\/div>\n                \n                            <\/div>\n\n            <!-- RIGHT: Contact Form -->\n            <div class=\"ct-form-wrap\">\n                <form class=\"ct-form\" id=\"ct-69f22b8f9623b\" novalidate>\n                    <input type=\"hidden\" id=\"_wpnonce\" name=\"_wpnonce\" value=\"9ef8eb5152\" \/><input type=\"hidden\" name=\"_wp_http_referer\" value=\"\/tr\/wp-json\/wp\/v2\/pages\/2123\" \/>                    <input type=\"hidden\" name=\"action\" value=\"dryunusoc_contact\">\n                                        <input type=\"hidden\" name=\"ct_to_email\" value=\"contact@dryunusoc.com\">\n                                        <input type=\"hidden\" name=\"ct_lang_home\" value=\"https:\/\/dryunusoc.com\/tr\/\">\n                    \n                    <input type=\"hidden\" name=\"ct_msg_name_required\" value=\"L\u00fctfen ad soyad giriniz.\">\n                    <input type=\"hidden\" name=\"ct_msg_email_required\" value=\"L\u00fctfen e-posta adresinizi giriniz.\">\n                    <input type=\"hidden\" name=\"ct_msg_email_invalid\" value=\"L\u00fctfen ge\u00e7erli bir e-posta adresi giriniz.\">\n                    <input type=\"hidden\" name=\"ct_msg_message_required\" value=\"L\u00fctfen mesaj\u0131n\u0131z\u0131 giriniz.\">\n                    <input type=\"hidden\" name=\"ct_msg_recaptcha_required\" value=\"L\u00fctfen robot olmad\u0131\u011f\u0131n\u0131z\u0131 do\u011frulay\u0131n.\">\n                    <input type=\"hidden\" name=\"ct_msg_recaptcha_failed\" value=\"reCAPTCHA do\u011frulamas\u0131 ba\u015far\u0131s\u0131z oldu.\">\n                    <input type=\"hidden\" name=\"ct_msg_security\" value=\"G\u00fcvenlik do\u011frulamas\u0131 ba\u015far\u0131s\u0131z oldu.\">\n                    <input type=\"hidden\" name=\"ct_msg_send_failed\" value=\"Mesaj g\u00f6nderilemedi. L\u00fctfen tekrar deneyiniz.\">\n                    <input type=\"hidden\" name=\"ct_msg_success\" value=\"Mesaj\u0131n\u0131z ba\u015far\u0131yla g\u00f6nderildi!\">\n\n                    <div class=\"ct-form-row\">\n                        <div class=\"ct-form-group\">\n                            <label for=\"ct-69f22b8f9623b-name\">Ad Soyad <span>*<\/span><\/label>\n                            <input type=\"text\" id=\"ct-69f22b8f9623b-name\" name=\"ct_name\" required>\n                        <\/div>\n                        <div class=\"ct-form-group\">\n                            <label for=\"ct-69f22b8f9623b-email\">E-posta <span>*<\/span><\/label>\n                            <input type=\"email\" id=\"ct-69f22b8f9623b-email\" name=\"ct_email\" required>\n                        <\/div>\n                    <\/div>\n\n                    <div class=\"ct-form-group\">\n                        <label for=\"ct-69f22b8f9623b-phone\">Telefon<\/label>\n                        <input type=\"tel\" id=\"ct-69f22b8f9623b-phone\" name=\"ct_phone\">\n                                                <small class=\"ct-phone-hint\">L\u00fctfen telefon numaran\u0131z\u0131 \u00fclke kodu ile birlikte giriniz.<\/small>\n                                            <\/div>\n\n                    <div class=\"ct-form-group\">\n                        <label for=\"ct-69f22b8f9623b-message\">Mesaj <span>*<\/span><\/label>\n                        <textarea id=\"ct-69f22b8f9623b-message\" name=\"ct_message\" rows=\"3\" required><\/textarea>\n                    <\/div>\n\n                    \n                    <button type=\"submit\" class=\"ct-submit-btn\">\n                        <span class=\"ct-submit-text\">G\u00f6nder<\/span>\n                        <span class=\"ct-submit-loading\" style=\"display:none;\">\n                            <svg xmlns=\"http:\/\/www.w3.org\/2000\/svg\" width=\"20\" height=\"20\" viewBox=\"0 0 24 24\" fill=\"none\" stroke=\"currentColor\" stroke-width=\"2\"><path d=\"M12 2v4m0 12v4m10-10h-4M6 12H2m15.07-5.07-2.83 2.83M9.76 14.24l-2.83 2.83m11.14 0-2.83-2.83M9.76 9.76 6.93 6.93\" stroke-linecap=\"round\"\/><\/svg>\n                            G\u00f6nderiliyor&#8230;                        <\/span>\n                    <\/button>\n\n                    <div class=\"ct-form-msg\" style=\"display:none;\"><\/div>\n                <\/form>\n            <\/div>\n        <\/div>\n\n                <div class=\"ct-map\">\n            <iframe src=\"https:\/\/www.google.com\/maps\/embed?pb=!1m18!1m12!1m3!1d3011.413536278038!2d28.704344815276592!3d40.9943210793022!2m3!1f0!2f0!3f0!3m2!1i1024!2i768!4f13.1!3m3!1m2!1s0x14caa3b60f291f39%3A0xdb6568c6794b6893!2sLimb%20Lengthening%20Surgery%20in%20Turkey%20%7C%20Wanna%20Be%20Taller!5e0!3m2!1str!2str!4v1658872931184!5m2!1str!2str\" width=\"100%\" height=\"400\" style=\"border:0;\" allowfullscreen=\"\" loading=\"lazy\" referrerpolicy=\"no-referrer-when-downgrade\"><\/iframe>\n        <\/div>\n            <\/div>\n<\/section>\n\n\n<script>\n(function(){\n    var form = document.getElementById('ct-69f22b8f9623b');\n    if (!form) return;\n\n    function clearFieldErrors() {\n        form.querySelectorAll('.ct-field-error').forEach(function(el){ el.remove(); });\n        form.querySelectorAll('.ct-input-error').forEach(function(el){ el.classList.remove('ct-input-error'); });\n    }\n\n    function showFieldErrors(fields) {\n        clearFieldErrors();\n        var first = true;\n        for (var name in fields) {\n            var input = form.querySelector('[name=\"' + name + '\"]');\n            if (!input) continue;\n            input.classList.add('ct-input-error');\n            var err = document.createElement('span');\n            err.className = 'ct-field-error';\n            err.textContent = fields[name];\n            input.parentElement.appendChild(err);\n            if (first) { input.focus(); first = false; }\n        }\n    }\n\n    form.addEventListener('submit', function(e){\n        e.preventDefault();\n        var btn = form.querySelector('.ct-submit-btn');\n        var txtEl = btn.querySelector('.ct-submit-text');\n        var loadEl = btn.querySelector('.ct-submit-loading');\n        var msgEl = form.querySelector('.ct-form-msg');\n\n        clearFieldErrors();\n        btn.disabled = true;\n        txtEl.style.display = 'none';\n        loadEl.style.display = '';\n        msgEl.style.display = 'none';\n\n        var fd = new FormData(form);\n\n        var xhr = new XMLHttpRequest();\n        xhr.open('POST', 'https:\/\/dryunusoc.com\/wp-admin\/admin-ajax.php');\n        xhr.onload = function(){\n            btn.disabled = false;\n            txtEl.style.display = '';\n            loadEl.style.display = 'none';\n\n            var res;\n            try { res = JSON.parse(xhr.responseText); } catch(err) {\n                msgEl.className = 'ct-form-msg ct-msg-error';\n                msgEl.textContent = \"Bir hata olu\\u015ftu.\";\n                msgEl.style.display = '';\n                return;\n            }\n\n            if (res.success) {\n                clearFieldErrors();\n                msgEl.className = 'ct-form-msg ct-msg-success';\n                msgEl.textContent = res.data.message;\n                form.reset();\n                if (typeof grecaptcha !== 'undefined') grecaptcha.reset();\n            } else {\n                if (res.data.fields) {\n                    showFieldErrors(res.data.fields);\n                }\n                msgEl.className = 'ct-form-msg ct-msg-error';\n                msgEl.textContent = res.data.message;\n            }\n            msgEl.style.display = '';\n        };\n        xhr.onerror = function(){\n            btn.disabled = false;\n            txtEl.style.display = '';\n            loadEl.style.display = 'none';\n            msgEl.className = 'ct-form-msg ct-msg-error';\n            msgEl.textContent = \"Ba\\u011flant\\u0131 hatas\\u0131. L\\u00fctfen tekrar deneyiniz.\";\n            msgEl.style.display = '';\n        };\n        xhr.send(fd);\n    });\n})();\n<\/script>\n","protected":false},"excerpt":{"rendered":"","protected":false},"author":1,"featured_media":0,"parent":0,"menu_order":0,"comment_status":"closed","ping_status":"closed","template":"","meta":{"_acf_changed":false,"yasr_overall_rating":0,"yasr_post_is_review":"","yasr_auto_insert_disabled":"","yasr_review_type":"","footnotes":""},"class_list":["post-2123","page","type-page","status-publish","hentry"],"yasr_visitor_votes":{"stars_attributes":{"read_only":false,"span_bottom":false},"number_of_votes":0,"sum_votes":0},"acf":[],"_links":{"self":[{"href":"https:\/\/dryunusoc.com\/tr\/wp-json\/wp\/v2\/pages\/2123","targetHints":{"allow":["GET"]}}],"collection":[{"href":"https:\/\/dryunusoc.com\/tr\/wp-json\/wp\/v2\/pages"}],"about":[{"href":"https:\/\/dryunusoc.com\/tr\/wp-json\/wp\/v2\/types\/page"}],"author":[{"embeddable":true,"href":"https:\/\/dryunusoc.com\/tr\/wp-json\/wp\/v2\/users\/1"}],"replies":[{"embeddable":true,"href":"https:\/\/dryunusoc.com\/tr\/wp-json\/wp\/v2\/comments?post=2123"}],"version-history":[{"count":4,"href":"https:\/\/dryunusoc.com\/tr\/wp-json\/wp\/v2\/pages\/2123\/revisions"}],"predecessor-version":[{"id":3953,"href":"https:\/\/dryunusoc.com\/tr\/wp-json\/wp\/v2\/pages\/2123\/revisions\/3953"}],"wp:attachment":[{"href":"https:\/\/dryunusoc.com\/tr\/wp-json\/wp\/v2\/media?parent=2123"}],"curies":[{"name":"wp","href":"https:\/\/api.w.org\/{rel}","templated":true}]}}