{"id":4100,"date":"2026-04-02T14:35:25","date_gmt":"2026-04-02T11:35:25","guid":{"rendered":"https:\/\/dryunusoc.com\/faq\/"},"modified":"2026-05-14T12:17:44","modified_gmt":"2026-05-14T09:17:44","slug":"faq","status":"publish","type":"page","link":"https:\/\/dryunusoc.com\/pt-br\/faq\/","title":{"rendered":"FAQ"},"content":{"rendered":"\n<details class=\"wp-block-details is-layout-flow wp-block-details-is-layout-flow\"><summary>Como ficar mais alto \/ Como crescer em altura?<\/summary>\n<p>Como muitas pessoas n\u00e3o est\u00e3o satisfeitas com sua altura e a consideram um obst\u00e1culo, a baixa estatura \u00e9 principalmente resultado de fatores gen\u00e9ticos. Outros fatores tamb\u00e9m desempenham um papel nesse aspecto. Algumas pessoas podem preferir tratamentos n\u00e3o cir\u00fargicos, como tratamentos hormonais; no entanto, o tratamento cientificamente comprovado, mais eficaz e permanente \u00e9 a cirurgia de alongamento de membros, na qual os ossos longos dos membros inferiores do paciente s\u00e3o alongados e distra\u00eddos por um dispositivo de alongamento, oferecendo uma solu\u00e7\u00e3o permanente e ajudando o paciente a superar obst\u00e1culos pessoais, sociais ou profissionais.<\/p>\n<\/details>\n\n\n\n<details class=\"wp-block-details is-layout-flow wp-block-details-is-layout-flow\"><summary>Quantos m\u00e9todos de alongamento de membros existem?<\/summary>\n<p>Existem v\u00e1rios m\u00e9todos usados para alongar os membros superiores e inferiores, mas as t\u00e9cnicas mais preferidas e adequadas para alongamento est\u00e9tico s\u00e3o LON, Precice 2.2 e Fitbone. O m\u00e9todo LON combina uma haste interna com um fixador externo, proporcionando um processo de alongamento controlado e confi\u00e1vel. Em contraste, tanto o Precice 2.2 quanto o Fitbone s\u00e3o sistemas totalmente internos que utilizam hastes intramedulares avan\u00e7adas, eliminando a necessidade de dispositivos externos.<\/p>\n\n\n\n<p>Gra\u00e7as \u00e0 sua estrutura totalmente interna, Precice 2.2 e Fitbone oferecem maior conforto, menor risco de infec\u00e7\u00e3o e melhores resultados est\u00e9ticos, tornando-se op\u00e7\u00f5es altamente preferidas para alongamento est\u00e9tico. Entre eles, o Precice 2.2 costuma ser o m\u00e9todo mais escolhido, seguido pelo LON como uma alternativa mais econ\u00f4mica, enquanto o Fitbone se destaca como outra solu\u00e7\u00e3o interna avan\u00e7ada com alta precis\u00e3o e confiabilidade.<\/p>\n<\/details>\n\n\n\n<details class=\"wp-block-details is-layout-flow wp-block-details-is-layout-flow\"><summary>Quanto custa fazer uma cirurgia de alongamento de membros?<\/summary>\n<p>Quando se trata do custo das cirurgias de alongamento de membros, o principal fator determinante \u00e9 o m\u00e9todo escolhido. O custo estimado para o m\u00e9todo LON \u00e9 de cerca de <strong>26.400 USD<\/strong>, enquanto o m\u00e9todo Precice 2.2 custa aproximadamente <strong>58.000 USD<\/strong>. Para pacientes que preferem um sistema totalmente interno e motorizado, o m\u00e9todo Fitbone est\u00e1 dispon\u00edvel com um custo estimado de cerca de <strong>54.000 USD<\/strong>.<\/p>\n\n\n\n<p>Essas diferen\u00e7as de pre\u00e7o se devem principalmente \u00e0 tecnologia utilizada, ao n\u00edvel de conforto e \u00e0 experi\u00eancia geral de tratamento oferecida por cada m\u00e9todo.<br><br>Para informa\u00e7\u00f5es mais detalhadas, voc\u00ea pode visitar a <a href=\"https:\/\/dryunusoc.com\/pt-br\/quanto-custa-a-cirurgia-de-alongamento-osseo-na-turquia\/\">p\u00e1gina de custos da cirurgia de alongamento de membros.<\/a><\/p>\n\n\n\n<p><\/p>\n<\/details>\n\n\n\n<details class=\"wp-block-details is-layout-flow wp-block-details-is-layout-flow\"><summary>Todos podem fazer cirurgia de alongamento de membros? (Sou eleg\u00edvel para cirurgia de alongamento das pernas?)<\/summary>\n<p>Para ser eleg\u00edvel e realizar uma cirurgia de alongamento de membros com sucesso, existem alguns fatores principais. Entre eles est\u00e3o o paciente apresentar um estado est\u00e1vel de sa\u00fade f\u00edsica e psicol\u00f3gica, n\u00e3o sofrer de doen\u00e7as cr\u00f4nicas ou condi\u00e7\u00f5es que possam comprometer a opera\u00e7\u00e3o em si ou o processo de cicatriza\u00e7\u00e3o, e estar em uma idade em que as placas de crescimento estejam totalmente consolidadas. Esses e outros aspectos ajudam a determinar se o paciente est\u00e1 pronto para a cirurgia.<\/p>\n<\/details>\n\n\n\n<details class=\"wp-block-details is-layout-flow wp-block-details-is-layout-flow\"><summary>A Turquia \u00e9 boa para alongamento de membros?<\/summary>\n<p>A Turquia \u00e9 considerada uma capital internacional para cirurgias est\u00e9ticas, incluindo a cirurgia de alongamento de membros, por oferecer alto n\u00edvel e padr\u00f5es de cuidado m\u00e9dico, qualidade e equipe m\u00e9dica experiente, al\u00e9m de pre\u00e7os muito competitivos e atraentes, basicamente unindo o melhor dos dois mundos: qualidade e experi\u00eancia, por um lado, e pre\u00e7os convenientes, por outro.<\/p>\n<\/details>\n\n\n\n<details class=\"wp-block-details is-layout-flow wp-block-details-is-layout-flow\"><summary>A cirurgia de alongamento de membros vale a pena?<\/summary>\n<p>Para aqueles que veem a baixa estatura como um problema que afeta muitos aspectos da vida profissional, pessoal e social, \u00e9 uma etapa transformadora e de melhoria de vida e, sem d\u00favida, vale a pena.<\/p>\n<\/details>\n\n\n\n<details class=\"wp-block-details is-layout-flow wp-block-details-is-layout-flow\"><summary>Qu\u00e3o dolorosa \u00e9 a cirurgia de alongamento de membros?<\/summary>\n<p>Embora a percep\u00e7\u00e3o da dor varie de pessoa para pessoa, geralmente os pacientes sentem dor ap\u00f3s a cirurgia, que \u00e9 controlada com analg\u00e9sicos de acordo com o grau de dor sentido pelo paciente. A dor normalmente diminui gradualmente, e a maior parte dela desaparece nas primeiras semanas.<\/p>\n<\/details>\n\n\n\n<details class=\"wp-block-details is-layout-flow wp-block-details-is-layout-flow\"><summary>Quando posso retornar \u00e0 minha vida di\u00e1ria ap\u00f3s a cirurgia de alongamento de membros?<\/summary>\n<p>Os pacientes normalmente come\u00e7am a retornar \u00e0 vida normal e \u00e0s atividades di\u00e1rias pouco tempo ap\u00f3s o fim da fase de alongamento, geralmente dentro de 1 a 2,5 meses. Ainda assim, os pacientes tamb\u00e9m permanecem ativos durante a fase de alongamento e conseguem se movimentar e realizar suas atividades di\u00e1rias b\u00e1sicas.<\/p>\n<\/details>\n\n\n\n<details class=\"wp-block-details is-layout-flow wp-block-details-is-layout-flow\"><summary>Quanto a cirurgia de alongamento das pernas pode aumentar sua altura?<\/summary>\n<p>Embora o alongamento possa variar de uma pessoa para outra de acordo com alguns fatores, como a capacidade de m\u00fasculos, nervos e tend\u00f5es de se estenderem junto com o alongamento di\u00e1rio do osso ao qual est\u00e3o relacionados, a quantidade cientificamente e medicamente segura de alongamento para o f\u00eamur [perna superior, coxas] \u00e9 entre 6 e 8 cm, enquanto para a t\u00edbia e a f\u00edbula [pernas inferiores, canelas] \u00e9 de 5 a 7 cm.<\/p>\n<\/details>\n\n\n\n<details class=\"wp-block-details is-layout-flow wp-block-details-is-layout-flow\"><summary>A cirurgia de alongamento de membros \u00e9 segura?<\/summary>\n<p>Qualquer cirurgia, pequena ou grande, naturalmente apresenta riscos ou efeitos colaterais. No caso da cirurgia de alongamento de membros, alguns riscos est\u00e3o relacionados \u00e0 natureza do corpo do paciente, como isquiotibiais encurtados ou consolida\u00e7\u00e3o \u00f3ssea lenta, que s\u00e3o trat\u00e1veis; por\u00e9m, riscos relacionados \u00e0 cirurgia em si n\u00e3o s\u00e3o comuns quando realizada por cirurgi\u00f5es com experi\u00eancia suficiente nesse tipo de procedimento.<\/p>\n<\/details>\n\n\n\n<details class=\"wp-block-details is-layout-flow wp-block-details-is-layout-flow\"><summary>Voc\u00ea pode caminhar ap\u00f3s a cirurgia de alongamento das pernas?<\/summary>\n<p>Os pacientes podem sentir sua amplitude de movimento limitada logo ap\u00f3s a cirurgia de alongamento de membros, mas com a ajuda de um programa de fisioterapia bem planejado, recuperam gradualmente sua mobilidade e retornam \u00e0 amplitude normal de movimento em um curto per\u00edodo ap\u00f3s conclu\u00edrem a reabilita\u00e7\u00e3o\/per\u00edodo de alongamento \u00f3sseo.<\/p>\n<\/details>\n\n\n\n<details class=\"wp-block-details is-layout-flow wp-block-details-is-layout-flow\"><summary>Qual pa\u00eds \u00e9 melhor para cirurgia de alongamento de membros?<\/summary>\n<p>Enquanto alguns pa\u00edses oferecem cirurgia de alongamento de membros por pre\u00e7os excepcionalmente acess\u00edveis, eles podem carecer da qualidade e integridade de uma equipe eficiente e experiente e de bons padr\u00f5es m\u00e9dicos. Outros pa\u00edses oferecem um alto n\u00edvel de servi\u00e7o m\u00e9dico com pre\u00e7os igualmente elevados, que apenas uma pequena porcentagem de pacientes consegue pagar. Ao unir o melhor dos dois mundos, a Turquia \u00e9 considerada a primeira e melhor escolha para esse procedimento, devido aos seus profissionais m\u00e9dicos treinados e experientes e aos seus pre\u00e7os competitivos, que representam apenas uma fra\u00e7\u00e3o dos pre\u00e7os praticados em outros pa\u00edses.<\/p>\n<\/details>\n\n\n\n<details class=\"wp-block-details is-layout-flow wp-block-details-is-layout-flow\"><summary>Quanto tempo leva para se recuperar do alongamento de membros?<\/summary>\n<p>O processo de recupera\u00e7\u00e3o ap\u00f3s a cirurgia de alongamento de membros depende principalmente de dois fatores principais: a experi\u00eancia e o sucesso do cirurgi\u00e3o, e a capacidade individual de cicatriza\u00e7\u00e3o do paciente e sua resposta \u00e0 reabilita\u00e7\u00e3o p\u00f3s-operat\u00f3ria. Ambos desempenham um papel fundamental para alcan\u00e7ar resultados seguros e bem-sucedidos.<\/p>\n\n\n\n<p>Geralmente, espera-se que os pacientes comecem a caminhar com assist\u00eancia usando um andador na primeira semana durante as sess\u00f5es de fisioterapia ap\u00f3s a cirurgia. Com o tempo, por meio de reabilita\u00e7\u00e3o regular, eles melhoram gradualmente sua amplitude de movimento e mobilidade.<\/p>\n\n\n\n<p>Para pacientes LON, a caminhada independente \u00e9 geralmente alcan\u00e7ada cerca de 2,5 meses ap\u00f3s a remo\u00e7\u00e3o do dispositivo externo. Para pacientes Precice, caminhar sem assist\u00eancia geralmente \u00e9 poss\u00edvel aproximadamente 2 meses ap\u00f3s atingir o comprimento desejado. Em pacientes Fitbone, a recupera\u00e7\u00e3o segue um padr\u00e3o semelhante, e a caminhada independente geralmente \u00e9 esperada alguns meses ap\u00f3s a conclus\u00e3o do alongamento, dependendo da cicatriza\u00e7\u00e3o \u00f3ssea e da avalia\u00e7\u00e3o m\u00e9dica.<\/p>\n<\/details>\n\n\n\n<details class=\"wp-block-details is-layout-flow wp-block-details-is-layout-flow\"><summary>Voc\u00ea pode caminhar durante a cirurgia de alongamento de membros?<\/summary>\n<p>Durante a fase de distra\u00e7\u00e3o, os pacientes precisam seguir orienta\u00e7\u00f5es espec\u00edficas de suporte de peso e mobilidade, dependendo do m\u00e9todo escolhido. Pacientes tratados com o m\u00e9todo LON podem apoiar peso parcialmente e caminhar de forma controlada. Em contraste, pacientes Precice s\u00e3o orientados a limitar ficar em p\u00e9 e caminhar a per\u00edodos curtos (geralmente n\u00e3o mais de 20 minutos por dia) devido \u00e0 capacidade limitada de suporte de peso da haste. Da mesma forma, pacientes Fitbone seguem protocolos de suporte de peso restrito, embora o sistema possa permitir uma toler\u00e2ncia ligeiramente maior em compara\u00e7\u00e3o com Precice, dependendo do caso e da orienta\u00e7\u00e3o m\u00e9dica.<\/p>\n\n\n\n<p>\u00c9 muito importante que os pacientes iniciem movimentos assistidos logo ap\u00f3s a cirurgia para apoiar a circula\u00e7\u00e3o sangu\u00ednea nas pernas e reduzir o risco de complica\u00e7\u00f5es, como embolia pulmonar. A mobiliza\u00e7\u00e3o precoce, sob supervis\u00e3o, desempenha um papel fundamental em um processo de recupera\u00e7\u00e3o seguro.<\/p>\n\n\n\n<p>A caminhada independente sem assist\u00eancia geralmente \u00e9 esperada cerca de 4\u20135 meses ap\u00f3s a primeira cirurgia. No entanto, esse prazo pode variar dependendo da quantidade de alongamento alcan\u00e7ada e do progresso individual de cicatriza\u00e7\u00e3o do paciente.<\/p>\n<\/details>\n\n\n\n<details class=\"wp-block-details is-layout-flow wp-block-details-is-layout-flow\"><summary>Qual \u00e9 a nossa diferen\u00e7a em rela\u00e7\u00e3o aos outros?<\/summary>\n<p>Trabalhar com o primeiro instituto oficial confirmado pelo Minist\u00e9rio da Sa\u00fade para realizar cirurgias est\u00e9ticas de alongamento de membros na Turquia \u00e9 uma vantagem que nenhum outro concorrente possui. Ser o primeiro naturalmente nos leva a ser os mais experientes em cirurgias de alongamento de membros, o que nos permite n\u00e3o apenas compreender todas as necessidades m\u00e9dicas dos pacientes, mas tamb\u00e9m atend\u00ea-las nos mais altos n\u00edveis poss\u00edveis. Por esses motivos e muitos outros, estamos naturalmente em uma posi\u00e7\u00e3o de grande responsabilidade diante da total confian\u00e7a dos nossos pacientes. Uma confian\u00e7a que nunca decepcionamos.<\/p>\n\n\n\n<p><\/p>\n<\/details>\n\n\n\n<details class=\"wp-block-details is-layout-flow wp-block-details-is-layout-flow\"><summary>Voc\u00ea pode praticar esportes ap\u00f3s o alongamento das pernas? \/ Podemos correr ap\u00f3s a cirurgia de alongamento de membros?<\/summary>\n<p>Durante a fase de distra\u00e7\u00e3o, os pacientes precisam seguir orienta\u00e7\u00f5es espec\u00edficas de suporte de peso e mobilidade, dependendo do m\u00e9todo escolhido. Pacientes LON podem apoiar peso parcialmente e caminhar de forma controlada. Pacientes Precice, devido \u00e0 capacidade limitada de suporte de peso da haste, s\u00e3o orientados a n\u00e3o ficar em p\u00e9 ou caminhar por mais de 20 minutos por dia. Da mesma forma, pacientes Fitbone seguem protocolos controlados de suporte de peso e, dependendo do caso e da orienta\u00e7\u00e3o m\u00e9dica, caminhadas limitadas e supervisionadas podem ser permitidas.<\/p>\n\n\n\n<p>\u00c9 fundamental que os pacientes iniciem movimentos assistidos logo ap\u00f3s a cirurgia para apoiar a circula\u00e7\u00e3o sangu\u00ednea nas pernas e reduzir o risco de complica\u00e7\u00f5es, como embolia pulmonar. A mobiliza\u00e7\u00e3o precoce e controlada desempenha um papel importante em um processo de recupera\u00e7\u00e3o seguro.<\/p>\n\n\n\n<p>Caminhar sem assist\u00eancia geralmente \u00e9 esperado cerca de 4\u20135 meses ap\u00f3s a primeira cirurgia. No entanto, essa dura\u00e7\u00e3o pode variar dependendo da quantidade de alongamento alcan\u00e7ada e do progresso individual de recupera\u00e7\u00e3o.<\/p>\n\n\n\n<p><\/p>\n<\/details>\n\n","protected":false},"excerpt":{"rendered":"","protected":false},"author":1,"featured_media":0,"parent":0,"menu_order":0,"comment_status":"closed","ping_status":"closed","template":"","meta":{"_acf_changed":false,"yasr_overall_rating":0,"yasr_post_is_review":"","yasr_auto_insert_disabled":"","yasr_review_type":"","footnotes":""},"class_list":["post-4100","page","type-page","status-publish","hentry"],"acf":[],"yasr_visitor_votes":{"stars_attributes":{"read_only":false,"span_bottom":false},"number_of_votes":0,"sum_votes":0},"_links":{"self":[{"href":"https:\/\/dryunusoc.com\/pt-br\/wp-json\/wp\/v2\/pages\/4100","targetHints":{"allow":["GET"]}}],"collection":[{"href":"https:\/\/dryunusoc.com\/pt-br\/wp-json\/wp\/v2\/pages"}],"about":[{"href":"https:\/\/dryunusoc.com\/pt-br\/wp-json\/wp\/v2\/types\/page"}],"author":[{"embeddable":true,"href":"https:\/\/dryunusoc.com\/pt-br\/wp-json\/wp\/v2\/users\/1"}],"replies":[{"embeddable":true,"href":"https:\/\/dryunusoc.com\/pt-br\/wp-json\/wp\/v2\/comments?post=4100"}],"version-history":[{"count":4,"href":"https:\/\/dryunusoc.com\/pt-br\/wp-json\/wp\/v2\/pages\/4100\/revisions"}],"predecessor-version":[{"id":5276,"href":"https:\/\/dryunusoc.com\/pt-br\/wp-json\/wp\/v2\/pages\/4100\/revisions\/5276"}],"wp:attachment":[{"href":"https:\/\/dryunusoc.com\/pt-br\/wp-json\/wp\/v2\/media?parent=4100"}],"curies":[{"name":"wp","href":"https:\/\/api.w.org\/{rel}","templated":true}]}}