{"id":4098,"date":"2026-04-02T14:35:25","date_gmt":"2026-04-02T11:35:25","guid":{"rendered":"https:\/\/dryunusoc.com\/faq\/"},"modified":"2026-05-14T12:17:13","modified_gmt":"2026-05-14T09:17:13","slug":"faq","status":"publish","type":"page","link":"https:\/\/dryunusoc.com\/it\/faq\/","title":{"rendered":"FAQ"},"content":{"rendered":"\n<details class=\"wp-block-details is-layout-flow wp-block-details-is-layout-flow\"><summary>Come diventare pi\u00f9 alti \/ Come crescere in altezza?<\/summary>\n<p>Poich\u00e9 molte persone non sono soddisfatte della propria altezza e la considerano un ostacolo, la bassa statura \u00e8 principalmente il risultato di fattori genetici. Anche altri fattori possono avere un ruolo in questo aspetto. Alcuni possono preferire trattamenti non chirurgici, come le terapie ormonali; tuttavia, il trattamento scientificamente provato, pi\u00f9 efficace e permanente \u00e8 la chirurgia di allungamento degli arti, nella quale le ossa lunghe degli arti inferiori del paziente vengono allungate e distratte tramite un dispositivo di allungamento, offrendo una soluzione permanente e aiutando il paziente a superare ostacoli personali, sociali o professionali.<\/p>\n<\/details>\n\n\n\n<details class=\"wp-block-details is-layout-flow wp-block-details-is-layout-flow\"><summary>Quanti metodi di allungamento degli arti esistono?<\/summary>\n<p>Esistono diversi metodi utilizzati per allungare gli arti superiori e inferiori, ma le tecniche pi\u00f9 preferite e adatte all\u2019allungamento estetico sono LON, Precice 2.2 e Fitbone. Il metodo LON combina un chiodo interno con un fissatore esterno, offrendo un processo di allungamento controllato e affidabile. Al contrario, Precice 2.2 e Fitbone sono sistemi completamente interni che utilizzano chiodi intramidollari avanzati, eliminando la necessit\u00e0 di dispositivi esterni.<\/p>\n\n\n\n<p>Grazie alla loro struttura completamente interna, Precice 2.2 e Fitbone offrono maggiore comfort, minor rischio di infezione e migliori risultati estetici, rendendoli opzioni molto preferite per l\u2019allungamento estetico. Tra questi, Precice 2.2 \u00e8 spesso il metodo pi\u00f9 comunemente scelto, seguito da LON come alternativa pi\u00f9 economica, mentre Fitbone si distingue come un\u2019altra soluzione interna avanzata con elevata precisione e affidabilit\u00e0.<\/p>\n<\/details>\n\n\n\n<details class=\"wp-block-details is-layout-flow wp-block-details-is-layout-flow\"><summary>Quanto costa sottoporsi a chirurgia di allungamento degli arti?<\/summary>\n<p>Quando si parla del costo degli interventi di allungamento degli arti, il principale fattore determinante \u00e8 il metodo scelto. Il costo stimato per il metodo LON \u00e8 di circa <strong>26.400 USD<\/strong>, mentre il metodo Precice 2.2 costa circa <strong>58.000 USD<\/strong>. Per i pazienti che preferiscono un sistema completamente interno e motorizzato, il metodo Fitbone \u00e8 disponibile con un costo stimato di circa <strong>54.000 USD<\/strong>.<\/p>\n\n\n\n<p>Queste differenze di prezzo sono dovute principalmente alla tecnologia utilizzata, al livello di comfort e all\u2019esperienza complessiva di trattamento offerta da ciascun metodo.<br><br>Per informazioni pi\u00f9 dettagliate, puoi visitare la <a href=\"https:\/\/dryunusoc.com\/it\/quanto-costa-lintervento-di-allungamento-degli-arti-in-turchia\/\">pagina sui costi della chirurgia di allungamento degli arti.<\/a><\/p>\n\n\n\n<p><\/p>\n<\/details>\n\n\n\n<details class=\"wp-block-details is-layout-flow wp-block-details-is-layout-flow\"><summary>Tutti possono sottoporsi alla chirurgia di allungamento degli arti? (Sono idoneo alla chirurgia di allungamento delle gambe?)<\/summary>\n<p>L\u2019idoneit\u00e0 e il successo di una chirurgia di allungamento degli arti dipendono da alcuni fattori principali. Tra questi vi sono uno stato stabile di salute sia fisiologica sia psicologica, l\u2019assenza di malattie croniche o condizioni che possano compromettere l\u2019intervento stesso o il processo di guarigione, e un\u2019et\u00e0 in cui le cartilagini di accrescimento siano completamente consolidate. Questi e altri aspetti aiutano a determinare se il paziente \u00e8 pronto o meno per l\u2019intervento.<\/p>\n<\/details>\n\n\n\n<details class=\"wp-block-details is-layout-flow wp-block-details-is-layout-flow\"><summary>La Turchia \u00e8 una buona scelta per l\u2019allungamento degli arti?<\/summary>\n<p>La Turchia \u00e8 considerata una capitale internazionale per gli interventi estetici, inclusa la chirurgia di allungamento degli arti, grazie a elevati livelli e standard di assistenza medica, qualit\u00e0, personale medico esperto e prezzi molto competitivi e interessanti. In sostanza, unisce il meglio di due mondi: qualit\u00e0 ed esperienza da un lato, e prezzi convenienti dall\u2019altro.<\/p>\n<\/details>\n\n\n\n<details class=\"wp-block-details is-layout-flow wp-block-details-is-layout-flow\"><summary>Vale la pena sottoporsi alla chirurgia di allungamento degli arti?<\/summary>\n<p>Per chi vive la bassa statura come un problema che influisce su molti aspetti della vita professionale, personale e sociale, si tratta di un passo che pu\u00f2 cambiare e migliorare la vita; senza dubbio, pu\u00f2 valerne la pena.<\/p>\n<\/details>\n\n\n\n<details class=\"wp-block-details is-layout-flow wp-block-details-is-layout-flow\"><summary>Quanto \u00e8 dolorosa la chirurgia di allungamento degli arti?<\/summary>\n<p>Sebbene la percezione del dolore vari da persona a persona, in generale i pazienti avvertono dolore dopo l\u2019intervento, che viene gestito con antidolorifici in base al livello di dolore sperimentato. Il dolore normalmente diminuisce gradualmente e la maggior parte si attenua nelle prime due settimane.<\/p>\n<\/details>\n\n\n\n<details class=\"wp-block-details is-layout-flow wp-block-details-is-layout-flow\"><summary>Quando posso tornare alla mia vita quotidiana dopo la chirurgia di allungamento degli arti?<\/summary>\n<p>I pazienti normalmente iniziano a tornare alla vita normale e alle attivit\u00e0 quotidiane poco dopo la fine della fase di allungamento, generalmente entro 1\u20132,5 mesi. Tuttavia, i pazienti rimangono attivi anche durante la fase di allungamento e sono in grado di muoversi e svolgere le attivit\u00e0 quotidiane di base.<\/p>\n<\/details>\n\n\n\n<details class=\"wp-block-details is-layout-flow wp-block-details-is-layout-flow\"><summary>Quanto pu\u00f2 renderti pi\u00f9 alto la chirurgia di allungamento delle gambe?<\/summary>\n<p>L\u2019allungamento pu\u00f2 variare da persona a persona in base ad alcuni fattori, come la capacit\u00e0 di muscoli, nervi e tendini di adattarsi all\u2019allungamento quotidiano dell\u2019osso a cui sono collegati. Tuttavia, la quantit\u00e0 di allungamento scientificamente e medicalmente sicura \u00e8 di circa 6\u20138 cm per il femore [parte superiore della gamba, cosce] e 5\u20137 cm per tibia e perone [parte inferiore delle gambe, stinchi].<\/p>\n<\/details>\n\n\n\n<details class=\"wp-block-details is-layout-flow wp-block-details-is-layout-flow\"><summary>La chirurgia di allungamento degli arti \u00e8 sicura?<\/summary>\n<p>Qualsiasi intervento chirurgico, minore o maggiore, presenta naturalmente rischi o effetti collaterali. Per quanto riguarda la chirurgia di allungamento degli arti, alcuni rischi sono legati alla natura del corpo del paziente, come muscoli posteriori della coscia corti o lenta consolidazione ossea, condizioni che sono trattabili. I rischi legati direttamente all\u2019intervento, invece, non sono comuni quando l\u2019operazione viene eseguita da chirurghi con sufficiente esperienza in questo tipo di procedure.<\/p>\n<\/details>\n\n\n\n<details class=\"wp-block-details is-layout-flow wp-block-details-is-layout-flow\"><summary>Si pu\u00f2 camminare dopo la chirurgia di allungamento delle gambe?<\/summary>\n<p>I pazienti possono trovare il loro range di movimento limitato subito dopo la chirurgia di allungamento degli arti, ma con l\u2019aiuto di un programma di fisioterapia ben pianificato recuperano gradualmente la mobilit\u00e0 e tornano al normale range di movimento in un breve periodo dopo aver completato la fase di riabilitazione\/allungamento osseo.<\/p>\n<\/details>\n\n\n\n<details class=\"wp-block-details is-layout-flow wp-block-details-is-layout-flow\"><summary>Qual \u00e8 il Paese migliore per la chirurgia di allungamento degli arti?<\/summary>\n<p>Sebbene alcuni Paesi offrano la chirurgia di allungamento degli arti a prezzi eccezionalmente convenienti, possono mancare della qualit\u00e0, dell\u2019integrit\u00e0, del personale esperto e degli standard medici necessari. Altri Paesi offrono un alto livello di servizio medico, ma con prezzi elevati che solo una piccola percentuale di pazienti pu\u00f2 permettersi. Unendo il meglio di entrambi gli aspetti, la Turchia \u00e8 considerata la prima e migliore scelta per questa procedura grazie al personale medico formato ed esperto e ai prezzi competitivi, che rappresentano solo una frazione dei costi in altri Paesi.<\/p>\n<\/details>\n\n\n\n<details class=\"wp-block-details is-layout-flow wp-block-details-is-layout-flow\"><summary>Quanto tempo ci vuole per recuperare dall\u2019allungamento degli arti?<\/summary>\n<p>Il processo di recupero dopo la chirurgia di allungamento degli arti dipende principalmente da due fattori chiave: l\u2019esperienza e il successo del chirurgo, e la capacit\u00e0 individuale di guarigione del paziente e la sua risposta alla riabilitazione post-operatoria. Entrambi svolgono un ruolo fondamentale nel raggiungimento di risultati sicuri e soddisfacenti.<\/p>\n\n\n\n<p>In generale, i pazienti dovrebbero iniziare a camminare con assistenza tramite deambulatore entro la prima settimana, durante le sedute di fisioterapia dopo l\u2019intervento. Con il tempo e con una riabilitazione regolare, migliorano gradualmente il range di movimento e la mobilit\u00e0.<\/p>\n\n\n\n<p>Per i pazienti LON, la camminata autonoma viene generalmente raggiunta circa 2,5 mesi dopo la rimozione del dispositivo esterno. Per i pazienti Precice, camminare senza assistenza \u00e8 solitamente possibile circa 2 mesi dopo aver raggiunto la lunghezza desiderata. Nei pazienti Fitbone, il recupero segue un andamento simile e la camminata autonoma \u00e8 generalmente prevista alcuni mesi dopo il completamento dell\u2019allungamento, a seconda della guarigione ossea e della valutazione medica.<\/p>\n<\/details>\n\n\n\n<details class=\"wp-block-details is-layout-flow wp-block-details-is-layout-flow\"><summary>Si pu\u00f2 camminare durante il processo di allungamento degli arti?<\/summary>\n<p>Durante la fase di distrazione, i pazienti devono seguire specifiche indicazioni di carico e mobilit\u00e0 in base al metodo scelto. I pazienti trattati con il metodo LON possono sostenere un carico parziale e camminare in modo controllato. Al contrario, ai pazienti Precice viene consigliato di limitare la posizione eretta e la camminata a brevi periodi (generalmente non pi\u00f9 di 20 minuti al giorno) a causa della capacit\u00e0 di carico limitata del chiodo. Allo stesso modo, i pazienti Fitbone seguono protocolli di carico limitato, anche se il sistema pu\u00f2 consentire una tolleranza leggermente maggiore rispetto a Precice a seconda del caso e delle indicazioni mediche.<\/p>\n\n\n\n<p>\u00c8 molto importante che i pazienti inizino il movimento assistito poco dopo l\u2019intervento per favorire la circolazione sanguigna nelle gambe e ridurre il rischio di complicazioni come l\u2019embolia polmonare. La mobilizzazione precoce, sotto supervisione, svolge un ruolo chiave in un processo di recupero sicuro.<\/p>\n\n\n\n<p>La camminata autonoma senza assistenza \u00e8 generalmente prevista circa 4\u20135 mesi dopo il primo intervento. Tuttavia, questa tempistica pu\u00f2 variare in base alla quantit\u00e0 di allungamento ottenuta e al progresso individuale della guarigione del paziente.<\/p>\n<\/details>\n\n\n\n<details class=\"wp-block-details is-layout-flow wp-block-details-is-layout-flow\"><summary>Qual \u00e8 la nostra differenza rispetto agli altri?<\/summary>\n<p>Lavorare con il primo istituto ufficiale autorizzato dal Ministero della Salute a eseguire interventi estetici di allungamento degli arti in Turchia \u00e8 un vantaggio che nessun altro concorrente possiede. Essere i primi ci porta naturalmente a essere i pi\u00f9 esperti nelle chirurgie di allungamento degli arti, permettendoci non solo di comprendere tutte le esigenze mediche dei pazienti, ma anche di soddisfarle ai massimi livelli possibili. Per questi motivi e molti altri, siamo naturalmente in una posizione di grande responsabilit\u00e0 nei confronti della piena fiducia dei nostri pazienti. Una fiducia che non abbiamo mai tradito.<\/p>\n\n\n\n<p><\/p>\n<\/details>\n\n\n\n<details class=\"wp-block-details is-layout-flow wp-block-details-is-layout-flow\"><summary>Si pu\u00f2 praticare sport dopo l\u2019allungamento delle gambe? \/ Possiamo correre dopo la chirurgia di allungamento degli arti?<\/summary>\n<p>Durante la fase di distrazione, i pazienti devono seguire specifiche indicazioni di carico e mobilit\u00e0 in base al metodo scelto. I pazienti LON possono sostenere un carico parziale e camminare in modo controllato. Ai pazienti Precice, a causa della capacit\u00e0 di carico limitata del chiodo, viene consigliato di non stare in piedi o camminare per pi\u00f9 di 20 minuti al giorno. Allo stesso modo, i pazienti Fitbone seguono protocolli di carico controllato e, a seconda del caso e delle indicazioni del medico, pu\u00f2 essere consentita una camminata limitata e supervisionata.<\/p>\n\n\n\n<p>\u00c8 fondamentale che i pazienti inizino il movimento assistito poco dopo l\u2019intervento per supportare la circolazione sanguigna nelle gambe e ridurre il rischio di complicazioni come l\u2019embolia polmonare. La mobilizzazione precoce e controllata svolge un ruolo importante in un processo di recupero sicuro.<\/p>\n\n\n\n<p>La camminata senza assistenza \u00e8 generalmente prevista circa 4\u20135 mesi dopo il primo intervento. Tuttavia, questa durata pu\u00f2 variare in base alla quantit\u00e0 di allungamento ottenuta e al progresso individuale del recupero.<\/p>\n\n\n\n<p><\/p>\n<\/details>\n\n","protected":false},"excerpt":{"rendered":"","protected":false},"author":1,"featured_media":0,"parent":0,"menu_order":0,"comment_status":"closed","ping_status":"closed","template":"","meta":{"_acf_changed":false,"yasr_overall_rating":0,"yasr_post_is_review":"","yasr_auto_insert_disabled":"","yasr_review_type":"","footnotes":""},"class_list":["post-4098","page","type-page","status-publish","hentry"],"acf":[],"yasr_visitor_votes":{"stars_attributes":{"read_only":false,"span_bottom":false},"number_of_votes":0,"sum_votes":0},"_links":{"self":[{"href":"https:\/\/dryunusoc.com\/it\/wp-json\/wp\/v2\/pages\/4098","targetHints":{"allow":["GET"]}}],"collection":[{"href":"https:\/\/dryunusoc.com\/it\/wp-json\/wp\/v2\/pages"}],"about":[{"href":"https:\/\/dryunusoc.com\/it\/wp-json\/wp\/v2\/types\/page"}],"author":[{"embeddable":true,"href":"https:\/\/dryunusoc.com\/it\/wp-json\/wp\/v2\/users\/1"}],"replies":[{"embeddable":true,"href":"https:\/\/dryunusoc.com\/it\/wp-json\/wp\/v2\/comments?post=4098"}],"version-history":[{"count":4,"href":"https:\/\/dryunusoc.com\/it\/wp-json\/wp\/v2\/pages\/4098\/revisions"}],"predecessor-version":[{"id":5274,"href":"https:\/\/dryunusoc.com\/it\/wp-json\/wp\/v2\/pages\/4098\/revisions\/5274"}],"wp:attachment":[{"href":"https:\/\/dryunusoc.com\/it\/wp-json\/wp\/v2\/media?parent=4098"}],"curies":[{"name":"wp","href":"https:\/\/api.w.org\/{rel}","templated":true}]}}