{"id":2125,"date":"2026-04-02T14:35:25","date_gmt":"2026-04-02T11:35:25","guid":{"rendered":"https:\/\/dryunusoc.com\/faq\/"},"modified":"2026-04-23T22:18:56","modified_gmt":"2026-04-23T19:18:56","slug":"faq","status":"publish","type":"page","link":"https:\/\/dryunusoc.com\/fr\/faq\/","title":{"rendered":"FAQ"},"content":{"rendered":"\n<details class=\"wp-block-details is-layout-flow wp-block-details-is-layout-flow\"><summary>Comment devenir plus grand \/ Comment grandir ?<\/summary>\n\n<p>\u00c9tant donn\u00e9 que de nombreuses personnes ne sont pas satisfaites de leur taille et la consid\u00e8rent comme un obstacle, la petite taille est principalement due \u00e0 des facteurs g\u00e9n\u00e9tiques. D&rsquo;autres facteurs jouent \u00e9galement un r\u00f4le dans ce domaine. Certains peuvent pr\u00e9f\u00e9rer utiliser des traitements non chirurgicaux comme les traitements hormonaux, cependant, le traitement le plus efficace, scientifiquement prouv\u00e9 et permanent est la chirurgie d&rsquo;allongement des membres, dans laquelle les os longs des membres inf\u00e9rieurs du patient sont allong\u00e9s \u00e0 l&rsquo;aide d&rsquo;un dispositif d&rsquo;allongement, offrant une solution permanente et aidant le patient \u00e0 surmonter tous les obstacles personnels, sociaux ou professionnels.<\/p>\n\n<\/details>\n\n\n\n<details class=\"wp-block-details is-layout-flow wp-block-details-is-layout-flow\"><summary>Combien existe-t-il de m\u00e9thodes d&rsquo;allongement des membres ?<\/summary>\n\n<p>Il existe plusieurs m\u00e9thodes utilis\u00e9es pour allonger les membres sup\u00e9rieurs et inf\u00e9rieurs, mais les techniques les plus pr\u00e9f\u00e9r\u00e9es et les plus adapt\u00e9es pour l&rsquo;allongement esth\u00e9tique sont LON, Precice 2.2 et Fitbone. La m\u00e9thode LON combine un clou interne avec un fixateur externe, offrant un processus d&rsquo;allongement contr\u00f4l\u00e9 et fiable. En revanche, Precice 2.2 et Fitbone sont des syst\u00e8mes enti\u00e8rement internes qui utilisent des clous intram\u00e9dullaires avanc\u00e9s, \u00e9liminant ainsi le besoin d&rsquo;appareils externes.<\/p>\n\n\n\n<p>Gr\u00e2ce \u00e0 leur structure enti\u00e8rement interne, Precice 2.2 et Fitbone offrent un meilleur confort, un risque d&rsquo;infection r\u00e9duit et de meilleurs r\u00e9sultats esth\u00e9tiques, ce qui en fait des options tr\u00e8s privil\u00e9gi\u00e9es pour l&rsquo;allongement esth\u00e9tique. Parmi celles-ci, Precice 2.2 est souvent la m\u00e9thode la plus choisie, suivie de LON comme alternative plus \u00e9conomique, tandis que Fitbone se distingue comme une autre solution interne avanc\u00e9e avec une grande pr\u00e9cision et fiabilit\u00e9.<\/p>\n\n<\/details>\n\n\n\n<details class=\"wp-block-details is-layout-flow wp-block-details-is-layout-flow\"><summary>Combien co\u00fbte une chirurgie d&rsquo;allongement des membres ?<\/summary>\n\n<p>En ce qui concerne le co\u00fbt des chirurgies d&rsquo;allongement des membres, le facteur d\u00e9terminant principal est la m\u00e9thode choisie. Le co\u00fbt estim\u00e9 de la m\u00e9thode LON est d&rsquo;environ 26 400 USD, tandis que la m\u00e9thode Precice 2.2 est d&rsquo;environ 58 000 USD. Pour les patients qui pr\u00e9f\u00e8rent un syst\u00e8me enti\u00e8rement interne et motoris\u00e9, la m\u00e9thode Fitbone est disponible avec un co\u00fbt estim\u00e9 d&rsquo;environ 54 000 USD.<\/p>\n\n\n\n<p>Ces diff\u00e9rences de prix sont principalement dues \u00e0 la technologie utilis\u00e9e, au niveau de confort et \u00e0 l&rsquo;exp\u00e9rience globale du traitement offerte par chaque m\u00e9thode.<\/p>\n\n<\/details>\n\n\n\n<details class=\"wp-block-details is-layout-flow wp-block-details-is-layout-flow\"><summary>Tout le monde peut-il subir une chirurgie d&rsquo;allongement des membres ? (Suis-je \u00e9ligible \u00e0 une chirurgie d&rsquo;allongement des jambes ?)<\/summary>\n\n<p>L&rsquo;\u00e9ligibilit\u00e9 et la r\u00e9ussite d&rsquo;une chirurgie d&rsquo;allongement des membres d\u00e9pendent de plusieurs facteurs principaux, tels que le fait que le patient soit dans un \u00e9tat de sant\u00e9 stable sur le plan physiologique et psychologique, qu&rsquo;il ne souffre pas de maladies chroniques pouvant compromettre l&rsquo;op\u00e9ration elle-m\u00eame ou le processus de gu\u00e9rison, et qu&rsquo;il ait atteint un \u00e2ge o\u00f9 les plaques de croissance sont compl\u00e8tement consolid\u00e9es, ce qui lui permet de subir l&rsquo;op\u00e9ration, ainsi que d&rsquo;autres aspects permettant de d\u00e9terminer si le patient est pr\u00eat pour la chirurgie ou non.<\/p>\n\n<\/details>\n\n\n\n<details class=\"wp-block-details is-layout-flow wp-block-details-is-layout-flow\"><summary>La Turquie est-elle un bon choix pour l&rsquo;allongement des membres ?<\/summary>\n\n<p>La Turquie est consid\u00e9r\u00e9e comme la capitale internationale des chirurgies esth\u00e9tiques, y compris la chirurgie d&rsquo;allongement des membres, en offrant un haut niveau de soins m\u00e9dicaux, des normes de qualit\u00e9 \u00e9lev\u00e9es et un personnel m\u00e9dical exp\u00e9riment\u00e9, en plus de prix tr\u00e8s comp\u00e9titifs et attractifs, combinant ainsi le meilleur des deux mondes : qualit\u00e9 et exp\u00e9rience d&rsquo;un c\u00f4t\u00e9, et prix abordables de l&rsquo;autre.<\/p>\n\n<\/details>\n\n\n\n<details class=\"wp-block-details is-layout-flow wp-block-details-is-layout-flow\"><summary>La chirurgie d&rsquo;allongement des membres en vaut-elle la peine ?<\/summary>\n\n<p>Pour les personnes dont la petite taille affecte de nombreux aspects de leur vie professionnelle, personnelle et sociale, il s&rsquo;agit d&rsquo;une \u00e9tape qui change la vie et l&rsquo;am\u00e9liore consid\u00e9rablement, et elle en vaut sans aucun doute la peine.<\/p>\n\n<\/details>\n\n\n\n<details class=\"wp-block-details is-layout-flow wp-block-details-is-layout-flow\"><summary>\u00c0 quel point la chirurgie d&rsquo;allongement des membres est-elle douloureuse ?<\/summary>\n\n<p>Bien que la perception de la douleur varie d&rsquo;une personne \u00e0 l&rsquo;autre, les patients ressentent g\u00e9n\u00e9ralement une douleur apr\u00e8s l&rsquo;op\u00e9ration, qui est prise en charge avec des analg\u00e9siques en fonction de son intensit\u00e9. La douleur diminue g\u00e9n\u00e9ralement progressivement et dispara\u00eet en grande partie au cours des premi\u00e8res semaines.<\/p>\n\n<\/details>\n\n\n\n<details class=\"wp-block-details is-layout-flow wp-block-details-is-layout-flow\"><summary>Quand puis-je reprendre ma vie quotidienne apr\u00e8s une chirurgie d&rsquo;allongement des membres ?<\/summary>\n\n<p>Les patients commencent g\u00e9n\u00e9ralement \u00e0 reprendre leur vie normale et leurs activit\u00e9s quotidiennes peu de temps apr\u00e8s la fin de la phase d&rsquo;allongement, g\u00e9n\u00e9ralement dans un d\u00e9lai de 1 \u00e0 2,5 mois. Cependant, les patients restent \u00e9galement actifs pendant la phase d&rsquo;allongement et sont capables de se d\u00e9placer et de poursuivre leurs activit\u00e9s quotidiennes de base.<\/p>\n\n<\/details>\n\n\n\n<details class=\"wp-block-details is-layout-flow wp-block-details-is-layout-flow\"><summary>De combien de centim\u00e8tres peut-on grandir avec une chirurgie d&rsquo;allongement des jambes ?<\/summary>\n\n<p>L&rsquo;augmentation de la taille varie d&rsquo;une personne \u00e0 l&rsquo;autre en fonction de certains facteurs tels que la capacit\u00e9 des muscles, des nerfs et des tendons \u00e0 s&rsquo;\u00e9tirer avec l&rsquo;allongement quotidien de l&rsquo;os. Toutefois, la limite s\u00fbre sur le plan scientifique et m\u00e9dical est g\u00e9n\u00e9ralement de 6 \u00e0 8 cm pour le f\u00e9mur (haut de la jambe) et de 5 \u00e0 7 cm pour le tibia et le p\u00e9ron\u00e9 (bas de la jambe).<\/p>\n\n<\/details>\n\n\n\n<details class=\"wp-block-details is-layout-flow wp-block-details-is-layout-flow\"><summary>La chirurgie d&rsquo;allongement des membres est-elle s\u00fbre ?<\/summary>\n\n<p>Toute intervention chirurgicale, mineure ou majeure, comporte naturellement des risques ou des effets secondaires. En ce qui concerne la chirurgie d&rsquo;allongement des membres, certains risques sont li\u00e9s \u00e0 la nature du corps du patient, comme des ischio-jambiers courts ou une consolidation osseuse lente, qui sont traitables. En revanche, les risques li\u00e9s \u00e0 la chirurgie elle-m\u00eame sont rares chez les chirurgiens exp\u00e9riment\u00e9s dans ce type d&rsquo;intervention.<\/p>\n\n<\/details>\n\n\n\n<details class=\"wp-block-details is-layout-flow wp-block-details-is-layout-flow\"><summary>Peut-on marcher apr\u00e8s une chirurgie d&rsquo;allongement des jambes ?<\/summary>\n\n<p>Les patients peuvent constater une limitation de leur amplitude de mouvement imm\u00e9diatement apr\u00e8s la chirurgie, mais avec l&rsquo;aide d&rsquo;un programme de r\u00e9\u00e9ducation bien planifi\u00e9, ils retrouvent progressivement leur mobilit\u00e9 et reviennent \u00e0 une amplitude normale dans un d\u00e9lai relativement court apr\u00e8s la p\u00e9riode de r\u00e9\u00e9ducation \/ d&rsquo;allongement osseux.<\/p>\n\n<\/details>\n\n\n\n<details class=\"wp-block-details is-layout-flow wp-block-details-is-layout-flow\"><summary>Quel pays est le meilleur pour une chirurgie d&rsquo;allongement des membres ?<\/summary>\n\n<p>Alors que certains pays proposent cette chirurgie \u00e0 des prix tr\u00e8s bas mais manquent de qualit\u00e9 et d&rsquo;expertise, d&rsquo;autres offrent un niveau de soins m\u00e9dicaux \u00e9lev\u00e9 avec des prix tr\u00e8s \u00e9lev\u00e9s. En combinant le meilleur des deux mondes, la Turquie est consid\u00e9r\u00e9e comme le premier et le meilleur choix pour cette intervention gr\u00e2ce \u00e0 son personnel m\u00e9dical exp\u00e9riment\u00e9 et \u00e0 ses prix comp\u00e9titifs, bien inf\u00e9rieurs \u00e0 ceux d&rsquo;autres pays.<\/p>\n\n<\/details>\n\n\n\n<details class=\"wp-block-details is-layout-flow wp-block-details-is-layout-flow\"><summary>Combien de temps faut-il pour r\u00e9cup\u00e9rer apr\u00e8s un allongement des membres ?<\/summary>\n\n<p>Le processus de r\u00e9cup\u00e9ration d\u00e9pend principalement de deux facteurs : l&rsquo;exp\u00e9rience et la r\u00e9ussite du chirurgien, ainsi que la capacit\u00e9 individuelle du patient \u00e0 gu\u00e9rir et sa r\u00e9ponse \u00e0 la r\u00e9\u00e9ducation postop\u00e9ratoire. Les deux jouent un r\u00f4le essentiel dans l&rsquo;obtention de r\u00e9sultats s\u00fbrs et r\u00e9ussis.<\/p>\n\n\n\n<p>Les patients sont g\u00e9n\u00e9ralement cens\u00e9s commencer \u00e0 marcher avec assistance \u00e0 l&rsquo;aide d&rsquo;un d\u00e9ambulateur d\u00e8s la premi\u00e8re semaine pendant les s\u00e9ances de physioth\u00e9rapie apr\u00e8s l&rsquo;op\u00e9ration. Avec le temps et une r\u00e9\u00e9ducation r\u00e9guli\u00e8re, leur mobilit\u00e9 et leur amplitude de mouvement s&rsquo;am\u00e9liorent progressivement.<\/p>\n\n\n\n<p>Pour les patients LON, la marche autonome est g\u00e9n\u00e9ralement atteinte environ 2,5 mois apr\u00e8s le retrait du dispositif externe. Pour les patients Precice, la marche sans assistance est g\u00e9n\u00e9ralement possible environ 2 mois apr\u00e8s avoir atteint la longueur cibl\u00e9e. Chez les patients Fitbone, la r\u00e9cup\u00e9ration suit un sch\u00e9ma similaire, et la marche autonome est g\u00e9n\u00e9ralement attendue quelques mois apr\u00e8s la fin de la phase d&rsquo;allongement, en fonction de la consolidation osseuse et de l&rsquo;\u00e9valuation m\u00e9dicale.<\/p>\n\n<\/details>\n\n\n\n<details class=\"wp-block-details is-layout-flow wp-block-details-is-layout-flow\"><summary>Peut-on marcher pendant l&rsquo;allongement des membres ?<\/summary>\n\n<p>Pendant la phase de distraction, les patients doivent suivre des directives sp\u00e9cifiques concernant la mise en charge et la mobilit\u00e9 en fonction de la m\u00e9thode choisie. Les patients LON peuvent effectuer une mise en charge partielle et marcher de mani\u00e8re contr\u00f4l\u00e9e. En revanche, les patients Precice doivent limiter la station debout et la marche \u00e0 de courtes p\u00e9riodes (g\u00e9n\u00e9ralement pas plus de 20 minutes par jour) en raison de la capacit\u00e9 de charge limit\u00e9e du clou. De m\u00eame, les patients Fitbone suivent des protocoles de mise en charge restreints, bien que le syst\u00e8me puisse permettre une tol\u00e9rance l\u00e9g\u00e8rement sup\u00e9rieure selon le cas et les recommandations m\u00e9dicales.<\/p>\n\n\n\n<p>Il est tr\u00e8s important que les patients commencent des mouvements assist\u00e9s peu apr\u00e8s l&rsquo;op\u00e9ration afin de favoriser la circulation sanguine dans les jambes et de r\u00e9duire le risque de complications telles que l&#8217;embolie pulmonaire. La mobilisation pr\u00e9coce, sous supervision, joue un r\u00f4le cl\u00e9 dans un processus de r\u00e9cup\u00e9ration s\u00fbr.<\/p>\n\n\n\n<p>La marche autonome sans assistance est g\u00e9n\u00e9ralement attendue environ 4 \u00e0 5 mois apr\u00e8s la premi\u00e8re intervention. Cependant, ce d\u00e9lai peut varier en fonction de la quantit\u00e9 d&rsquo;allongement obtenue et de la progression individuelle de la gu\u00e9rison.<\/p>\n\n<\/details>\n\n\n\n<details class=\"wp-block-details is-layout-flow wp-block-details-is-layout-flow\"><summary>Quelle est notre diff\u00e9rence par rapport aux autres ?<\/summary>\n\n<p>Travailler avec le premier institut officiel confirm\u00e9 par le minist\u00e8re de la Sant\u00e9 pour effectuer des chirurgies esth\u00e9tiques d&rsquo;allongement des membres en Turquie est un avantage qu&rsquo;aucun autre concurrent ne poss\u00e8de. \u00catre les premiers nous rend naturellement les plus exp\u00e9riment\u00e9s dans ce domaine, ce qui nous permet non seulement de comprendre tous les besoins m\u00e9dicaux des patients, mais aussi de les satisfaire au plus haut niveau possible. Pour ces raisons et bien d&rsquo;autres, nous assumons naturellement une grande responsabilit\u00e9 envers la confiance totale de nos patients, une confiance que nous n&rsquo;avons jamais trahie.<\/p>\n\n<\/details>\n\n\n\n<details class=\"wp-block-details is-layout-flow wp-block-details-is-layout-flow\"><summary>Peut-on faire du sport apr\u00e8s un allongement des jambes ? \/ Peut-on courir apr\u00e8s une chirurgie d&rsquo;allongement des membres ?<\/summary>\n\n<p>Pendant la phase de distraction, les patients doivent suivre des consignes sp\u00e9cifiques concernant la mise en charge et la mobilit\u00e9 selon la m\u00e9thode choisie. Les patients LON peuvent effectuer une mise en charge partielle et marcher de mani\u00e8re contr\u00f4l\u00e9e. Les patients Precice, en raison de la capacit\u00e9 de charge limit\u00e9e du clou, sont invit\u00e9s \u00e0 ne pas rester debout ni marcher plus de 20 minutes par jour. De m\u00eame, les patients Fitbone suivent des protocoles contr\u00f4l\u00e9s, et selon le cas et les recommandations du m\u00e9decin, une marche limit\u00e9e et supervis\u00e9e peut \u00eatre autoris\u00e9e.<\/p>\n\n\n\n<p>Il est essentiel que les patients commencent des mouvements assist\u00e9s peu apr\u00e8s l&rsquo;op\u00e9ration afin de favoriser la circulation sanguine dans les jambes et de r\u00e9duire le risque de complications telles que l&#8217;embolie pulmonaire. Une mobilisation pr\u00e9coce et contr\u00f4l\u00e9e joue un r\u00f4le important dans un processus de r\u00e9cup\u00e9ration s\u00fbr.<\/p>\n\n\n\n<p>La marche sans assistance est g\u00e9n\u00e9ralement attendue environ 4 \u00e0 5 mois apr\u00e8s la premi\u00e8re op\u00e9ration. Cependant, cette dur\u00e9e peut varier en fonction de la quantit\u00e9 d&rsquo;allongement obtenue et de la progression individuelle de la r\u00e9cup\u00e9ration.<\/p>\n\n<\/details>\n","protected":false},"excerpt":{"rendered":"","protected":false},"author":1,"featured_media":0,"parent":0,"menu_order":0,"comment_status":"closed","ping_status":"closed","template":"","meta":{"_acf_changed":false,"yasr_overall_rating":0,"yasr_post_is_review":"","yasr_auto_insert_disabled":"","yasr_review_type":"","footnotes":""},"class_list":["post-2125","page","type-page","status-publish","hentry"],"yasr_visitor_votes":{"stars_attributes":{"read_only":false,"span_bottom":false},"number_of_votes":0,"sum_votes":0},"acf":[],"_links":{"self":[{"href":"https:\/\/dryunusoc.com\/fr\/wp-json\/wp\/v2\/pages\/2125","targetHints":{"allow":["GET"]}}],"collection":[{"href":"https:\/\/dryunusoc.com\/fr\/wp-json\/wp\/v2\/pages"}],"about":[{"href":"https:\/\/dryunusoc.com\/fr\/wp-json\/wp\/v2\/types\/page"}],"author":[{"embeddable":true,"href":"https:\/\/dryunusoc.com\/fr\/wp-json\/wp\/v2\/users\/1"}],"replies":[{"embeddable":true,"href":"https:\/\/dryunusoc.com\/fr\/wp-json\/wp\/v2\/comments?post=2125"}],"version-history":[{"count":1,"href":"https:\/\/dryunusoc.com\/fr\/wp-json\/wp\/v2\/pages\/2125\/revisions"}],"predecessor-version":[{"id":2438,"href":"https:\/\/dryunusoc.com\/fr\/wp-json\/wp\/v2\/pages\/2125\/revisions\/2438"}],"wp:attachment":[{"href":"https:\/\/dryunusoc.com\/fr\/wp-json\/wp\/v2\/media?parent=2125"}],"curies":[{"name":"wp","href":"https:\/\/api.w.org\/{rel}","templated":true}]}}