{"id":2129,"date":"2026-04-02T14:35:25","date_gmt":"2026-04-02T11:35:25","guid":{"rendered":"https:\/\/dryunusoc.com\/faq\/"},"modified":"2026-04-23T22:19:05","modified_gmt":"2026-04-23T19:19:05","slug":"faq","status":"publish","type":"page","link":"https:\/\/dryunusoc.com\/es\/faq\/","title":{"rendered":"FAQ"},"content":{"rendered":"\n<details class=\"wp-block-details is-layout-flow wp-block-details-is-layout-flow\"><summary>\u00bfC\u00f3mo ser m\u00e1s alto \/ C\u00f3mo crecer?<\/summary>\n\n<p>Dado que muchas personas no est\u00e1n satisfechas con su estatura y la consideran un obst\u00e1culo, la baja estatura es principalmente el resultado de factores gen\u00e9ticos. Otros factores tambi\u00e9n influyen en este aspecto. Algunas personas pueden preferir tratamientos no quir\u00fargicos como las terapias hormonales; sin embargo, el tratamiento m\u00e1s eficaz, permanente y cient\u00edficamente probado es la cirug\u00eda de alargamiento de extremidades, en la cual los huesos largos de las extremidades inferiores del paciente se alargan mediante un dispositivo de elongaci\u00f3n, ofreciendo una soluci\u00f3n permanente y ayudando al paciente a superar todos los obst\u00e1culos personales, sociales o profesionales.<\/p>\n\n<\/details>\n\n\n\n<details class=\"wp-block-details is-layout-flow wp-block-details-is-layout-flow\"><summary>\u00bfCu\u00e1ntos m\u00e9todos de alargamiento de extremidades existen?<\/summary>\n\n<p>Existen varios m\u00e9todos para alargar las extremidades superiores e inferiores, pero las t\u00e9cnicas m\u00e1s preferidas y adecuadas para el alargamiento est\u00e9tico son LON, Precice 2.2 y Fitbone. El m\u00e9todo LON combina un clavo interno con un fijador externo, proporcionando un proceso de alargamiento controlado y fiable. En cambio, tanto Precice 2.2 como Fitbone son sistemas completamente internos que utilizan clavos intramedulares avanzados, eliminando la necesidad de dispositivos externos.<\/p>\n\n\n\n<p>Gracias a su estructura completamente interna, Precice 2.2 y Fitbone ofrecen mayor comodidad, menor riesgo de infecci\u00f3n y mejores resultados est\u00e9ticos, lo que los convierte en opciones altamente preferidas para el alargamiento est\u00e9tico. Entre estos, Precice 2.2 suele ser el m\u00e9todo m\u00e1s elegido, seguido por LON como una alternativa m\u00e1s econ\u00f3mica, mientras que Fitbone destaca como otra soluci\u00f3n interna avanzada con alta precisi\u00f3n y fiabilidad.<\/p>\n\n<\/details>\n\n\n\n<details class=\"wp-block-details is-layout-flow wp-block-details-is-layout-flow\"><summary>\u00bfCu\u00e1nto cuesta la cirug\u00eda de alargamiento de extremidades?<\/summary>\n\n<p>En cuanto al costo de las cirug\u00edas de alargamiento de extremidades, el factor principal que lo determina es el m\u00e9todo elegido. El costo estimado del m\u00e9todo LON es de aproximadamente 26.400 USD, mientras que el m\u00e9todo Precice 2.2 cuesta alrededor de 58.000 USD. Para los pacientes que prefieren un sistema completamente interno y motorizado, el m\u00e9todo Fitbone est\u00e1 disponible con un costo estimado de alrededor de 54.000 USD.<\/p>\n\n\n\n<p>Estas diferencias de precio se deben principalmente a la tecnolog\u00eda utilizada, el nivel de comodidad y la experiencia general del tratamiento que ofrece cada m\u00e9todo.<\/p>\n\n<\/details>\n\n\n\n<details class=\"wp-block-details is-layout-flow wp-block-details-is-layout-flow\"><summary>\u00bfPuede cualquier persona someterse a una cirug\u00eda de alargamiento de extremidades? (\u00bfSoy candidato para la cirug\u00eda de alargamiento de piernas?)<\/summary>\n\n<p>La elegibilidad para someterse con \u00e9xito a una cirug\u00eda de alargamiento de extremidades depende de varios factores principales, como que el paciente tenga un estado de salud f\u00edsico y psicol\u00f3gico estable, que no padezca enfermedades cr\u00f3nicas que puedan poner en riesgo la operaci\u00f3n o el proceso de recuperaci\u00f3n, y que se encuentre en una edad en la que las placas de crecimiento est\u00e9n completamente cerradas. Adem\u00e1s, existen otros aspectos que determinan si el paciente est\u00e1 preparado para la cirug\u00eda o no.<\/p>\n\n<\/details>\n\n\n\n<details class=\"wp-block-details is-layout-flow wp-block-details-is-layout-flow\"><summary>\u00bfEs Turqu\u00eda un buen pa\u00eds para el alargamiento de extremidades?<\/summary>\n\n<p>Turqu\u00eda es considerada la capital internacional de la cirug\u00eda est\u00e9tica, incluida la cirug\u00eda de alargamiento de extremidades, al ofrecer un alto nivel de atenci\u00f3n m\u00e9dica, est\u00e1ndares de calidad y personal m\u00e9dico experimentado, junto con precios muy competitivos y atractivos. En esencia, combina lo mejor de dos mundos: calidad y experiencia por un lado, y precios accesibles por el otro.<\/p>\n\n<\/details>\n\n\n\n<details class=\"wp-block-details is-layout-flow wp-block-details-is-layout-flow\"><summary>\u00bfVale la pena la cirug\u00eda de alargamiento de extremidades?<\/summary>\n\n<p>Para quienes tienen baja estatura como un problema que afecta muchos aspectos de su vida profesional, personal y social, es un paso que cambia la vida y la mejora significativamente, y sin duda vale la pena.<\/p>\n\n<\/details>\n\n\n\n<details class=\"wp-block-details is-layout-flow wp-block-details-is-layout-flow\"><summary>\u00bfQu\u00e9 tan dolorosa es la cirug\u00eda de alargamiento de extremidades?<\/summary>\n\n<p>Aunque la percepci\u00f3n del dolor var\u00eda de una persona a otra, en general los pacientes experimentan dolor despu\u00e9s de la cirug\u00eda, el cual se controla con analg\u00e9sicos seg\u00fan el nivel de dolor. Normalmente, el dolor disminuye gradualmente y en su mayor parte desaparece durante las primeras semanas.<\/p>\n\n<\/details>\n\n\n\n<details class=\"wp-block-details is-layout-flow wp-block-details-is-layout-flow\"><summary>\u00bfCu\u00e1ndo puedo volver a mi vida diaria despu\u00e9s de la cirug\u00eda?<\/summary>\n\n<p>Por lo general, los pacientes comienzan a volver a su vida normal y a sus actividades diarias poco tiempo despu\u00e9s de finalizar la fase de alargamiento, generalmente dentro de un per\u00edodo de 1 a 2,5 meses. No obstante, los pacientes tambi\u00e9n permanecen activos durante la fase de alargamiento y pueden moverse y realizar sus actividades b\u00e1sicas diarias.<\/p>\n\n<\/details>\n\n\n\n<details class=\"wp-block-details is-layout-flow wp-block-details-is-layout-flow\"><summary>\u00bfCu\u00e1nto aumenta la estatura con la cirug\u00eda?<\/summary>\n\n<p>El aumento de estatura var\u00eda de una persona a otra dependiendo de factores como la capacidad de los m\u00fasculos, nervios y tendones para adaptarse al alargamiento diario del hueso. Sin embargo, la cantidad segura desde el punto de vista m\u00e9dico y cient\u00edfico es de 6 a 8 cm para el f\u00e9mur y de 5 a 7 cm para la tibia y el peron\u00e9.<\/p>\n\n<\/details>\n\n\n\n<details class=\"wp-block-details is-layout-flow wp-block-details-is-layout-flow\"><summary>\u00bfEs segura la cirug\u00eda de alargamiento de extremidades?<\/summary>\n\n<p>Cualquier cirug\u00eda, ya sea menor o mayor, conlleva riesgos o efectos secundarios. En el caso de la cirug\u00eda de alargamiento de extremidades, algunos riesgos est\u00e1n relacionados con la naturaleza del cuerpo del paciente, como isquiotibiales cortos o una consolidaci\u00f3n \u00f3sea lenta, los cuales son tratables. Por otro lado, los riesgos relacionados con la cirug\u00eda en s\u00ed no son comunes en manos de cirujanos con suficiente experiencia.<\/p>\n\n<\/details>\n\n\n\n<details class=\"wp-block-details is-layout-flow wp-block-details-is-layout-flow\"><summary>\u00bfSe puede caminar despu\u00e9s de la cirug\u00eda?<\/summary>\n\n<p>Los pacientes pueden encontrar limitada su movilidad inmediatamente despu\u00e9s de la cirug\u00eda, pero con la ayuda de un programa de fisioterapia bien planificado, recuperan gradualmente su rango de movimiento y vuelven a la normalidad en poco tiempo tras finalizar el per\u00edodo de rehabilitaci\u00f3n y alargamiento \u00f3seo.<\/p>\n\n<\/details>\n\n\n\n<details class=\"wp-block-details is-layout-flow wp-block-details-is-layout-flow\"><summary>\u00bfCu\u00e1l es el mejor pa\u00eds para realizar la cirug\u00eda?<\/summary>\n\n<p>Mientras que algunos pa\u00edses ofrecen esta cirug\u00eda a precios muy bajos pero carecen de calidad y experiencia, otros ofrecen un alto nivel de servicios m\u00e9dicos con precios elevados que solo una peque\u00f1a parte de los pacientes puede permitirse. Combinando lo mejor de ambos mundos, Turqu\u00eda es considerada la mejor opci\u00f3n para este procedimiento gracias a su personal m\u00e9dico experimentado y a sus precios competitivos, que representan solo una fracci\u00f3n de los precios en otros pa\u00edses.<\/p>\n\n<\/details>\n\n\n\n<details class=\"wp-block-details is-layout-flow wp-block-details-is-layout-flow\"><summary>\u00bfCu\u00e1nto tiempo tarda la recuperaci\u00f3n?<\/summary>\n\n<p>El proceso de recuperaci\u00f3n depende principalmente de dos factores clave: la experiencia y el \u00e9xito del cirujano, y la capacidad individual de recuperaci\u00f3n del paciente junto con su respuesta a la rehabilitaci\u00f3n postoperatoria. Ambos factores juegan un papel fundamental para lograr resultados seguros y exitosos.<\/p>\n\n\n\n<p>Por lo general, se espera que los pacientes comiencen a caminar con ayuda de un andador dentro de la primera semana durante las sesiones de fisioterapia despu\u00e9s de la cirug\u00eda. Con el tiempo y con una rehabilitaci\u00f3n regular, su movilidad y rango de movimiento mejoran gradualmente.<\/p>\n\n\n\n<p>En pacientes LON, la marcha independiente se logra generalmente alrededor de 2,5 meses despu\u00e9s de la retirada del dispositivo externo. En pacientes Precice, caminar sin ayuda suele ser posible aproximadamente 2 meses despu\u00e9s de alcanzar la longitud objetivo. En pacientes Fitbone, la recuperaci\u00f3n sigue un patr\u00f3n similar, y se espera la marcha independiente unos meses despu\u00e9s de finalizar el alargamiento, dependiendo de la consolidaci\u00f3n \u00f3sea y la evaluaci\u00f3n m\u00e9dica.<\/p>\n\n<\/details>\n\n\n\n<details class=\"wp-block-details is-layout-flow wp-block-details-is-layout-flow\"><summary>\u00bfSe puede caminar durante el proceso de alargamiento?<\/summary>\n\n<p>Durante la fase de distracci\u00f3n, los pacientes deben seguir pautas espec\u00edficas de carga y movilidad seg\u00fan el m\u00e9todo elegido. Los pacientes con LON pueden soportar carga parcial y caminar de forma controlada. En cambio, a los pacientes con Precice se les recomienda limitar el tiempo de pie y caminata a per\u00edodos cortos (generalmente no m\u00e1s de 20 minutos al d\u00eda) debido a la limitada capacidad de carga del clavo. De igual manera, los pacientes con Fitbone siguen protocolos de carga restringida, aunque el sistema puede permitir una tolerancia ligeramente mayor dependiendo del caso y la indicaci\u00f3n m\u00e9dica.<\/p>\n\n\n\n<p>Es muy importante que los pacientes comiencen el movimiento asistido poco despu\u00e9s de la cirug\u00eda para favorecer la circulaci\u00f3n sangu\u00ednea en las piernas y reducir el riesgo de complicaciones como la embolia pulmonar. La movilizaci\u00f3n temprana bajo supervisi\u00f3n juega un papel clave en un proceso de recuperaci\u00f3n seguro.<\/p>\n\n\n\n<p>Caminar sin ayuda generalmente se espera alrededor de 4 a 5 meses despu\u00e9s de la primera cirug\u00eda. Sin embargo, este tiempo puede variar dependiendo de la cantidad de alargamiento logrado y del progreso individual de recuperaci\u00f3n.<\/p>\n\n<\/details>\n\n\n\n<details class=\"wp-block-details is-layout-flow wp-block-details-is-layout-flow\"><summary>\u00bfCu\u00e1l es nuestra diferencia frente a los dem\u00e1s?<\/summary>\n\n<p>Trabajar con la primera instituci\u00f3n oficial aprobada por el Ministerio de Salud para realizar cirug\u00edas est\u00e9ticas de alargamiento de extremidades en Turqu\u00eda es una ventaja que ning\u00fan otro competidor posee. Ser los primeros nos convierte naturalmente en los m\u00e1s experimentados en este campo, lo que nos permite no solo comprender todas las necesidades m\u00e9dicas de los pacientes, sino tambi\u00e9n ofrecerlas al m\u00e1s alto nivel posible. Por estas razones y muchas m\u00e1s, asumimos una gran responsabilidad hacia la plena confianza de nuestros pacientes, una confianza que nunca hemos defraudado.<\/p>\n\n<\/details>\n\n\n\n<details class=\"wp-block-details is-layout-flow wp-block-details-is-layout-flow\"><summary>\u00bfSe puede hacer deporte despu\u00e9s de la cirug\u00eda? \/ \u00bfSe puede correr despu\u00e9s de la cirug\u00eda de alargamiento de extremidades?<\/summary>\n\n<p>Durante la fase de distracci\u00f3n, los pacientes deben seguir pautas espec\u00edficas de carga y movilidad seg\u00fan el m\u00e9todo elegido. Los pacientes LON pueden soportar carga parcial y caminar de forma controlada. A los pacientes Precice, debido a la limitada capacidad de carga del clavo, se les recomienda no permanecer de pie ni caminar m\u00e1s de 20 minutos al d\u00eda. De igual manera, los pacientes Fitbone siguen protocolos de carga controlada, y dependiendo del caso y de la recomendaci\u00f3n del m\u00e9dico, puede permitirse una caminata limitada y supervisada.<\/p>\n\n\n\n<p>Es fundamental que los pacientes comiencen el movimiento asistido poco despu\u00e9s de la cirug\u00eda para favorecer la circulaci\u00f3n sangu\u00ednea en las piernas y reducir el riesgo de complicaciones como la embolia pulmonar. La movilizaci\u00f3n temprana y controlada desempe\u00f1a un papel importante en una recuperaci\u00f3n segura.<\/p>\n\n\n\n<p>Caminar sin ayuda generalmente es posible alrededor de 4 a 5 meses despu\u00e9s de la primera cirug\u00eda. Sin embargo, este per\u00edodo puede variar dependiendo de la cantidad de alargamiento alcanzado y del progreso individual de recuperaci\u00f3n.<\/p>\n\n<\/details>\n","protected":false},"excerpt":{"rendered":"","protected":false},"author":1,"featured_media":0,"parent":0,"menu_order":0,"comment_status":"closed","ping_status":"closed","template":"","meta":{"_acf_changed":false,"yasr_overall_rating":0,"yasr_post_is_review":"","yasr_auto_insert_disabled":"","yasr_review_type":"","footnotes":""},"class_list":["post-2129","page","type-page","status-publish","hentry"],"yasr_visitor_votes":{"stars_attributes":{"read_only":false,"span_bottom":false},"number_of_votes":0,"sum_votes":0},"acf":[],"_links":{"self":[{"href":"https:\/\/dryunusoc.com\/es\/wp-json\/wp\/v2\/pages\/2129","targetHints":{"allow":["GET"]}}],"collection":[{"href":"https:\/\/dryunusoc.com\/es\/wp-json\/wp\/v2\/pages"}],"about":[{"href":"https:\/\/dryunusoc.com\/es\/wp-json\/wp\/v2\/types\/page"}],"author":[{"embeddable":true,"href":"https:\/\/dryunusoc.com\/es\/wp-json\/wp\/v2\/users\/1"}],"replies":[{"embeddable":true,"href":"https:\/\/dryunusoc.com\/es\/wp-json\/wp\/v2\/comments?post=2129"}],"version-history":[{"count":2,"href":"https:\/\/dryunusoc.com\/es\/wp-json\/wp\/v2\/pages\/2129\/revisions"}],"predecessor-version":[{"id":3015,"href":"https:\/\/dryunusoc.com\/es\/wp-json\/wp\/v2\/pages\/2129\/revisions\/3015"}],"wp:attachment":[{"href":"https:\/\/dryunusoc.com\/es\/wp-json\/wp\/v2\/media?parent=2129"}],"curies":[{"name":"wp","href":"https:\/\/api.w.org\/{rel}","templated":true}]}}