{"id":2126,"date":"2026-04-02T14:35:25","date_gmt":"2026-04-02T11:35:25","guid":{"rendered":"https:\/\/dryunusoc.com\/faq\/"},"modified":"2026-04-23T22:18:58","modified_gmt":"2026-04-23T19:18:58","slug":"faq","status":"publish","type":"page","link":"https:\/\/dryunusoc.com\/de\/faq\/","title":{"rendered":"FAQ"},"content":{"rendered":"\n<details class=\"wp-block-details is-layout-flow wp-block-details-is-layout-flow\"><summary>Wie kann man gr\u00f6\u00dfer werden \/ Wie kann ich wachsen?<\/summary>\n\n<p>Da viele Menschen mit ihrer K\u00f6rpergr\u00f6\u00dfe nicht zufrieden sind und sie als Hindernis betrachten, ist Kleinwuchs haupts\u00e4chlich das Ergebnis genetischer Faktoren. Auch andere Faktoren spielen dabei eine Rolle. Einige bevorzugen m\u00f6glicherweise nicht-chirurgische Behandlungen wie Hormontherapien, jedoch ist die wissenschaftlich nachgewiesene, effektivste und dauerhafteste Behandlung die Gliedma\u00dfenverl\u00e4ngerungsoperation. Dabei werden die langen Knochen der unteren Extremit\u00e4ten des Patienten mithilfe eines Verl\u00e4ngerungsger\u00e4ts verl\u00e4ngert, was eine dauerhafte L\u00f6sung bietet und dem Patienten hilft, alle pers\u00f6nlichen, sozialen oder beruflichen Hindernisse zu \u00fcberwinden.<\/p>\n\n<\/details>\n\n\n\n<details class=\"wp-block-details is-layout-flow wp-block-details-is-layout-flow\"><summary>Wie viele Methoden zur Gliedma\u00dfenverl\u00e4ngerung gibt es?<\/summary>\n\n<p>Es gibt mehrere Methoden zur Verl\u00e4ngerung der oberen und unteren Gliedma\u00dfen, aber die am h\u00e4ufigsten bevorzugten und geeignetsten Techniken f\u00fcr die kosmetische Verl\u00e4ngerung sind LON, Precice 2.2 und Fitbone. Die LON-Methode kombiniert einen internen Nagel mit einem externen Fixateur und bietet einen kontrollierten und zuverl\u00e4ssigen Verl\u00e4ngerungsprozess. Im Gegensatz dazu sind sowohl Precice 2.2 als auch Fitbone vollst\u00e4ndig interne Systeme, die fortschrittliche intramedull\u00e4re N\u00e4gel verwenden und somit keine externen Ger\u00e4te ben\u00f6tigen.<\/p>\n\n\n\n<p>Dank ihrer vollst\u00e4ndig internen Struktur bieten Precice 2.2 und Fitbone mehr Komfort, ein geringeres Infektionsrisiko und bessere \u00e4sthetische Ergebnisse, was sie zu sehr bevorzugten Optionen f\u00fcr die kosmetische Verl\u00e4ngerung macht. Unter diesen wird Precice 2.2 h\u00e4ufig am meisten gew\u00e4hlt, gefolgt von LON als kosteng\u00fcnstigere Alternative, w\u00e4hrend Fitbone sich als eine weitere fortschrittliche interne L\u00f6sung mit hoher Pr\u00e4zision und Zuverl\u00e4ssigkeit hervorhebt.<\/p>\n\n<\/details>\n\n\n\n<details class=\"wp-block-details is-layout-flow wp-block-details-is-layout-flow\"><summary>Wie viel kostet eine Gliedma\u00dfenverl\u00e4ngerungsoperation?<\/summary>\n\n<p>Wenn es um die Kosten von Gliedma\u00dfenverl\u00e4ngerungsoperationen geht, ist der wichtigste bestimmende Faktor die gew\u00e4hlte Methode. Die gesch\u00e4tzten Kosten f\u00fcr die LON-Methode liegen bei etwa 26.400 USD, w\u00e4hrend die Precice 2.2 Methode etwa 58.000 USD kostet. F\u00fcr Patienten, die ein vollst\u00e4ndig internes und motorisiertes System bevorzugen, ist die Fitbone-Methode mit gesch\u00e4tzten Kosten von etwa 54.000 USD verf\u00fcgbar.<\/p>\n\n\n\n<p>Diese Preisunterschiede ergeben sich haupts\u00e4chlich aus der verwendeten Technologie, dem Komfortniveau und der gesamten Behandlungserfahrung, die jede Methode bietet.<\/p>\n\n<\/details>\n\n\n\n<details class=\"wp-block-details is-layout-flow wp-block-details-is-layout-flow\"><summary>Kann jeder eine Gliedma\u00dfenverl\u00e4ngerungsoperation durchf\u00fchren lassen? (Bin ich f\u00fcr eine Beinverl\u00e4ngerungsoperation geeignet?)<\/summary>\n\n<p>Die Eignung f\u00fcr eine erfolgreiche Gliedma\u00dfenverl\u00e4ngerungsoperation h\u00e4ngt von mehreren Hauptfaktoren ab. Dazu geh\u00f6rt, dass sich der Patient in einem stabilen physischen und psychischen Gesundheitszustand befindet, keine chronischen Krankheiten hat, die die Operation oder den Heilungsprozess gef\u00e4hrden k\u00f6nnten, und ein Alter erreicht hat, in dem die Wachstumsfugen vollst\u00e4ndig geschlossen sind. Au\u00dferdem gibt es weitere Aspekte, die bestimmen, ob der Patient f\u00fcr die Operation geeignet ist oder nicht.<\/p>\n\n<\/details>\n\n\n\n<details class=\"wp-block-details is-layout-flow wp-block-details-is-layout-flow\"><summary>Ist die T\u00fcrkei ein gutes Land f\u00fcr Gliedma\u00dfenverl\u00e4ngerung?<\/summary>\n\n<p>Die T\u00fcrkei gilt als internationales Zentrum f\u00fcr kosmetische Operationen, einschlie\u00dflich der Gliedma\u00dfenverl\u00e4ngerung, da sie ein hohes Niveau an medizinischer Versorgung, Qualit\u00e4tsstandards und erfahrenem medizinischem Personal sowie sehr wettbewerbsf\u00e4hige und attraktive Preise bietet. Damit vereint sie das Beste aus zwei Welten: Qualit\u00e4t und Erfahrung auf der einen Seite sowie erschwingliche Preise auf der anderen.<\/p>\n\n<\/details>\n\n\n\n<details class=\"wp-block-details is-layout-flow wp-block-details-is-layout-flow\"><summary>Lohnt sich eine Gliedma\u00dfenverl\u00e4ngerungsoperation?<\/summary>\n\n<p>F\u00fcr Menschen, deren geringe K\u00f6rpergr\u00f6\u00dfe viele Aspekte ihres Lebens \u2013 beruflich, pers\u00f6nlich und sozial \u2013 beeinflusst, ist sie ein lebensver\u00e4ndernder und verbessernder Schritt und ohne Zweifel lohnenswert.<\/p>\n\n<\/details>\n\n\n\n<details class=\"wp-block-details is-layout-flow wp-block-details-is-layout-flow\"><summary>Wie schmerzhaft ist eine Gliedma\u00dfenverl\u00e4ngerungsoperation?<\/summary>\n\n<p>W\u00e4hrend das Schmerzempfinden von Person zu Person unterschiedlich ist, haben Patienten im Allgemeinen nach der Operation Schmerzen, die je nach Intensit\u00e4t mit Schmerzmitteln behandelt werden. Die Schmerzen nehmen normalerweise allm\u00e4hlich ab und verschwinden gr\u00f6\u00dftenteils in den ersten Wochen.<\/p>\n\n<\/details>\n\n\n\n<details class=\"wp-block-details is-layout-flow wp-block-details-is-layout-flow\"><summary>Wann kann ich nach einer Gliedma\u00dfenverl\u00e4ngerungsoperation in mein t\u00e4gliches Leben zur\u00fcckkehren?<\/summary>\n\n<p>Patienten beginnen in der Regel kurze Zeit nach dem Ende der Verl\u00e4ngerungsphase, zu ihrem normalen Leben und ihren t\u00e4glichen Aktivit\u00e4ten zur\u00fcckzukehren, meist innerhalb von 1 bis 2,5 Monaten. Dennoch bleiben die Patienten auch w\u00e4hrend der Verl\u00e4ngerungsphase aktiv und k\u00f6nnen sich bewegen sowie grundlegende t\u00e4gliche Aktivit\u00e4ten ausf\u00fchren.<\/p>\n\n<\/details>\n\n\n\n<details class=\"wp-block-details is-layout-flow wp-block-details-is-layout-flow\"><summary>Wie viel gr\u00f6\u00dfer wird man durch eine Beinverl\u00e4ngerungsoperation?<\/summary>\n\n<p>Die Verl\u00e4ngerung variiert von Person zu Person, abh\u00e4ngig von Faktoren wie der F\u00e4higkeit von Muskeln, Nerven und Sehnen, sich mit der t\u00e4glichen Knochenverl\u00e4ngerung zu dehnen. Wissenschaftlich und medizinisch gilt jedoch eine sichere Verl\u00e4ngerung von 6 bis 8 cm f\u00fcr den Oberschenkelknochen und 5 bis 7 cm f\u00fcr Schienbein und Wadenbein.<\/p>\n\n<\/details>\n\n\n\n<details class=\"wp-block-details is-layout-flow wp-block-details-is-layout-flow\"><summary>Ist eine Gliedma\u00dfenverl\u00e4ngerungsoperation sicher?<\/summary>\n\n<p>Jede Operation, ob klein oder gro\u00df, bringt naturgem\u00e4\u00df Risiken oder Nebenwirkungen mit sich. Bei der Gliedma\u00dfenverl\u00e4ngerung sind einige Risiken mit der individuellen k\u00f6rperlichen Verfassung des Patienten verbunden, wie verk\u00fcrzte hintere Oberschenkelmuskulatur oder langsame Knochenheilung, die behandelbar sind. Risiken, die direkt mit der Operation zusammenh\u00e4ngen, sind bei erfahrenen Chirurgen jedoch selten.<\/p>\n\n<\/details>\n\n\n\n<details class=\"wp-block-details is-layout-flow wp-block-details-is-layout-flow\"><summary>Kann man nach einer Beinverl\u00e4ngerungsoperation gehen?<\/summary>\n\n<p>Direkt nach der Operation kann die Bewegungsfreiheit eingeschr\u00e4nkt sein, aber mit Hilfe eines gut geplanten physiotherapeutischen Programms gewinnen die Patienten ihre Beweglichkeit schrittweise zur\u00fcck und erreichen innerhalb kurzer Zeit nach Abschluss der Rehabilitations- bzw. Verl\u00e4ngerungsphase wieder einen normalen Bewegungsumfang.<\/p>\n\n<\/details>\n\n\n\n<details class=\"wp-block-details is-layout-flow wp-block-details-is-layout-flow\"><summary>Welches Land ist am besten f\u00fcr eine Gliedma\u00dfenverl\u00e4ngerungsoperation?<\/summary>\n\n<p>W\u00e4hrend einige L\u00e4nder solche Operationen zu sehr g\u00fcnstigen Preisen anbieten, fehlt es ihnen oft an Qualit\u00e4t und Erfahrung. Andere L\u00e4nder bieten hochwertige medizinische Leistungen zu sehr hohen Preisen an, die sich nur wenige leisten k\u00f6nnen. Durch die Kombination beider Vorteile gilt die T\u00fcrkei als die erste und beste Wahl f\u00fcr diese Operation, dank ihres erfahrenen medizinischen Personals und ihrer wettbewerbsf\u00e4higen Preise, die nur einen Bruchteil der Kosten in anderen L\u00e4ndern betragen.<\/p>\n\n<\/details>\n\n\n\n<details class=\"wp-block-details is-layout-flow wp-block-details-is-layout-flow\"><summary>Wie lange dauert die Erholung nach einer Gliedma\u00dfenverl\u00e4ngerung?<\/summary>\n\n<p>Der Genesungsprozess h\u00e4ngt haupts\u00e4chlich von zwei Faktoren ab: der Erfahrung und dem Erfolg des Chirurgen sowie der individuellen Heilungsf\u00e4higkeit und Reaktion des Patienten auf die postoperative Rehabilitation. Beide spielen eine entscheidende Rolle f\u00fcr sichere und erfolgreiche Ergebnisse.<\/p>\n\n\n\n<p>In der Regel beginnen Patienten bereits in der ersten Woche nach der Operation w\u00e4hrend der Physiotherapie mit unterst\u00fctztem Gehen mithilfe eines Gehgestells. Mit der Zeit und regelm\u00e4\u00dfiger Rehabilitation verbessern sich Beweglichkeit und Bewegungsumfang schrittweise.<\/p>\n\n\n\n<p>Bei LON-Patienten wird selbstst\u00e4ndiges Gehen normalerweise etwa 2,5 Monate nach Entfernung des externen Ger\u00e4ts erreicht. Bei Precice-Patienten ist Gehen ohne Unterst\u00fctzung in der Regel etwa 2 Monate nach Erreichen der gew\u00fcnschten Verl\u00e4ngerung m\u00f6glich. Bei Fitbone-Patienten verl\u00e4uft die Genesung \u00e4hnlich, und selbstst\u00e4ndiges Gehen wird normalerweise einige Monate nach Abschluss der Verl\u00e4ngerung erwartet, abh\u00e4ngig von der Knochenheilung und der \u00e4rztlichen Bewertung.<\/p>\n\n<\/details>\n\n\n\n<details class=\"wp-block-details is-layout-flow wp-block-details-is-layout-flow\"><summary>Kann man w\u00e4hrend der Gliedma\u00dfenverl\u00e4ngerung gehen?<\/summary>\n\n<p>W\u00e4hrend der Distraktionsphase m\u00fcssen Patienten je nach gew\u00e4hlter Methode bestimmte Belastungs- und Bewegungsrichtlinien einhalten. LON-Patienten d\u00fcrfen teilweise belasten und kontrolliert gehen. Im Gegensatz dazu wird Precice-Patienten geraten, Stehen und Gehen auf kurze Zeitr\u00e4ume zu beschr\u00e4nken (in der Regel nicht mehr als 20 Minuten pro Tag), da die Belastbarkeit des Nagels begrenzt ist. Ebenso folgen Fitbone-Patienten eingeschr\u00e4nkten Belastungsprotokollen, wobei je nach Fall und medizinischer Empfehlung eine etwas h\u00f6here Belastung m\u00f6glich sein kann.<\/p>\n\n\n\n<p>Es ist sehr wichtig, dass Patienten kurz nach der Operation mit unterst\u00fctzter Bewegung beginnen, um die Durchblutung in den Beinen zu f\u00f6rdern und das Risiko von Komplikationen wie Lungenembolien zu reduzieren. Eine fr\u00fche Mobilisierung unter Aufsicht spielt eine entscheidende Rolle f\u00fcr einen sicheren Genesungsprozess.<\/p>\n\n\n\n<p>Selbstst\u00e4ndiges Gehen ohne Unterst\u00fctzung wird in der Regel etwa 4\u20135 Monate nach der ersten Operation erwartet. Dieser Zeitraum kann jedoch je nach erreichtem Verl\u00e4ngerungsgrad und individuellem Heilungsverlauf variieren.<\/p>\n\n<\/details>\n\n\n\n<details class=\"wp-block-details is-layout-flow wp-block-details-is-layout-flow\"><summary>Was unterscheidet uns von anderen?<\/summary>\n\n<p>Die Zusammenarbeit mit der ersten offiziellen, vom Gesundheitsministerium best\u00e4tigten Einrichtung f\u00fcr kosmetische Gliedma\u00dfenverl\u00e4ngerungsoperationen in der T\u00fcrkei ist ein Vorteil, den kein anderer Wettbewerber hat. Als Erste verf\u00fcgen wir nat\u00fcrlich \u00fcber die meiste Erfahrung in diesem Bereich, was es uns erm\u00f6glicht, nicht nur alle medizinischen Bed\u00fcrfnisse der Patienten zu verstehen, sondern diese auch auf h\u00f6chstem Niveau zu erf\u00fcllen. Aus diesen und vielen weiteren Gr\u00fcnden tragen wir eine gro\u00dfe Verantwortung gegen\u00fcber dem Vertrauen unserer Patienten \u2013 ein Vertrauen, das wir niemals entt\u00e4uscht haben.<\/p>\n\n<\/details>\n\n\n\n<details class=\"wp-block-details is-layout-flow wp-block-details-is-layout-flow\"><summary>Kann man nach einer Beinverl\u00e4ngerung Sport treiben? \/ Kann man nach einer Gliedma\u00dfenverl\u00e4ngerungsoperation laufen?<\/summary>\n\n<p>W\u00e4hrend der Distraktionsphase m\u00fcssen Patienten je nach gew\u00e4hlter Methode bestimmte Belastungs- und Bewegungsrichtlinien einhalten. LON-Patienten d\u00fcrfen teilweise belasten und kontrolliert gehen. Precice-Patienten wird aufgrund der begrenzten Belastbarkeit des Nagels empfohlen, nicht l\u00e4nger als 20 Minuten pro Tag zu stehen oder zu gehen. Ebenso folgen Fitbone-Patienten kontrollierten Belastungsprotokollen, und je nach Fall und \u00e4rztlicher Anweisung kann begrenztes und \u00fcberwachtes Gehen erlaubt sein.<\/p>\n\n\n\n<p>Es ist entscheidend, dass Patienten kurz nach der Operation mit unterst\u00fctzter Bewegung beginnen, um die Durchblutung in den Beinen zu f\u00f6rdern und das Risiko von Komplikationen wie Lungenembolien zu reduzieren. Eine fr\u00fche und kontrollierte Mobilisierung spielt eine wichtige Rolle f\u00fcr einen sicheren Genesungsprozess.<\/p>\n\n\n\n<p>Gehen ohne Unterst\u00fctzung ist in der Regel etwa 4\u20135 Monate nach der ersten Operation m\u00f6glich. Diese Dauer kann jedoch je nach erzielter Verl\u00e4ngerung und individuellem Heilungsverlauf variieren.<\/p>\n\n<\/details>\n","protected":false},"excerpt":{"rendered":"","protected":false},"author":1,"featured_media":0,"parent":0,"menu_order":0,"comment_status":"closed","ping_status":"closed","template":"","meta":{"_acf_changed":false,"yasr_overall_rating":0,"yasr_post_is_review":"","yasr_auto_insert_disabled":"","yasr_review_type":"","footnotes":""},"class_list":["post-2126","page","type-page","status-publish","hentry"],"yasr_visitor_votes":{"stars_attributes":{"read_only":false,"span_bottom":false},"number_of_votes":0,"sum_votes":0},"acf":[],"_links":{"self":[{"href":"https:\/\/dryunusoc.com\/de\/wp-json\/wp\/v2\/pages\/2126","targetHints":{"allow":["GET"]}}],"collection":[{"href":"https:\/\/dryunusoc.com\/de\/wp-json\/wp\/v2\/pages"}],"about":[{"href":"https:\/\/dryunusoc.com\/de\/wp-json\/wp\/v2\/types\/page"}],"author":[{"embeddable":true,"href":"https:\/\/dryunusoc.com\/de\/wp-json\/wp\/v2\/users\/1"}],"replies":[{"embeddable":true,"href":"https:\/\/dryunusoc.com\/de\/wp-json\/wp\/v2\/comments?post=2126"}],"version-history":[{"count":1,"href":"https:\/\/dryunusoc.com\/de\/wp-json\/wp\/v2\/pages\/2126\/revisions"}],"predecessor-version":[{"id":2439,"href":"https:\/\/dryunusoc.com\/de\/wp-json\/wp\/v2\/pages\/2126\/revisions\/2439"}],"wp:attachment":[{"href":"https:\/\/dryunusoc.com\/de\/wp-json\/wp\/v2\/media?parent=2126"}],"curies":[{"name":"wp","href":"https:\/\/api.w.org\/{rel}","templated":true}]}}